{"id":809,"date":"2019-04-09T10:29:51","date_gmt":"2019-04-09T13:29:51","guid":{"rendered":"http:\/\/www.encontrabelem.com.br\/sobre\/?page_id=809"},"modified":"2019-04-09T10:30:50","modified_gmt":"2019-04-09T13:30:50","slug":"praca-da-republica-belem","status":"publish","type":"page","link":"https:\/\/www.encontrabelem.com.br\/sobre\/praca-da-republica-belem","title":{"rendered":"Pra\u00e7a da Rep\u00fablica Bel\u00e9m"},"content":{"rendered":"<div class=\"b22802487b0d38c4c6d9f34966e16421\" data-index=\"1\" style=\"float: none; margin:0px;\">\n<!-- Anuncio display - global -->\r\n<ins class=\"adsbygoogle\"\r\n     style=\"display:block\"\r\n     data-ad-client=\"ca-pub-8585364105181520\"\r\n     data-ad-slot=\"8789329856\"\r\n     data-ad-format=\"auto\"\r\n     data-full-width-responsive=\"true\"><\/ins>\r\n<script>\r\n     (adsbygoogle = window.adsbygoogle || []).push({});\r\n<\/script>\n<\/div>\n<p>A <strong>Pra\u00e7a da Rep\u00fablica Bel\u00e9m<\/strong> no in\u00edcio era o Largo da Campina, um imenso terreno descampado que ficava entre o bairro da Campina e a estrada que levava \u00e0 ermida de Nossa Senhora de Nazar\u00e9. Depois, no s\u00e9culo XVIII, l\u00e1 foi constru\u00eddo um imenso armaz\u00e9m para se guardar p\u00f3lvora, tra\u00e7ando-lhe o nome para Largo da P\u00f3lvora. Uma forca foi erguida, mas n\u00e3o h\u00e1 registro de nenhum enforcamento. O que se sabe \u00e9 que o espa\u00e7o era usado para sepultar, em cova rasa, escravos e pobres.<\/p>\n<p>Em homenagem ao imperador, lhe deram o nome de Pedro II, mas continuava sendo um grande terreno descampado. Em 1850, at\u00e9 plantaram algumas \u00e1rvores, mas de forma desordenada. Com a inaugura\u00e7\u00e3o do Theatro da Paz, em 1878, houve uma urbaniza\u00e7\u00e3o, tamb\u00e9m modesta. Seu nome definitivo veio com a troca de regime: \u201dPra\u00e7a da Rep\u00fablica\u201d.\u00a0O governador Justo Chermont idealizou a constru\u00e7\u00e3o de um monumento em homenagem \u00e0 rep\u00fablica em 1889. A pedra fundamental foi colocada no ano seguinte, mas foi um concurso que decidiu a forma do monumento. A vencedora foi Michele Sebastiano.<\/p>\n<p><img loading=\"lazy\" decoding=\"async\" class=\"alignnone wp-image-810 size-full\" title=\"Pra\u00e7a da Rep\u00fablica Bel\u00e9m\" src=\"http:\/\/www.encontrabelem.com.br\/sobre\/wp-content\/uploads\/2019\/04\/pra\u00e7a-da-republica-belem.gif\" alt=\"Pra\u00e7a da Rep\u00fablica Bel\u00e9m\" width=\"680\" height=\"189\" \/><\/p>\n<p>Inaugurado em 15 de novembro de 1897 e, todo em m\u00e1rmore da carrara, o Monumento tem 20 metros de altura. A est\u00e1tua \u00e9 de uma mulher, representando o regime democr\u00e1tico, com um ramo de oliveira na m\u00e3o, simbolizando a paz. O g\u00eanio alado, sobre o primeiro degrau da obra apoiado num le\u00e3o, ergue o estandarte da rep\u00fablica gritando: \u201cLiberdade!\u201d. Simbolicamente, trata-se do progresso nacional apoiado sobre a for\u00e7a do novo regime que levanta a Liberdade.<\/p>\n<p>Do outro lado do degrau, a Hist\u00f3ria, sentada sobre v\u00e1rios livros, registra, em uma folha em branco de um grande volume, a data da proclama\u00e7\u00e3o da rep\u00fablica. Dois pequenos g\u00eanios erguem os escudos da \u201cProbidade\u201d e da \u201cUni\u00e3o\u201d. As quatro placas em homenagem a Floriano Peixoto, Jos\u00e9 Bonif\u00e1cio, Tiradentes e Beijamim Constant foram anexadas ao monumento na segunda gest\u00e3o de Abelardo Conduru.<\/p>\n<p>A primeira tentativa de urbaniza\u00e7\u00e3o da Pra\u00e7a foi em 1801, com o intendente de Bel\u00e9m, Arthur \u00cdndio do Brasil. Ele fez o cal\u00e7amento nas suas avenidas, acimentou os passeios, colocou chafarizes e bancos e ajardinou as alamedas.<\/p>\n<p>Por\u00e9m, foi Ant\u00f4nio Lemos, em 1878, que fez a Pra\u00e7a da Rep\u00fablica merecedora do t\u00edtulo \u201cbel\u00edssima\u201d. Lemos fez s\u00e9rias cr\u00edticas ao projeto urban\u00edstico da pra\u00e7a no relat\u00f3rio ao conselho de intend\u00eancia municipal. Chamou o ajardinamento do local de \u201caleij\u00e3o da arte de floricultura com canteiros de mais de um metro de altura, alinhados perpendicularmente, com simetria fadigante, que irritavam a transeunte mais calmo\u201d. Ele modificou completamente a apar\u00eancia do logradouro, trocando, inclusive, a pavimenta\u00e7\u00e3o das ruas que limitavam a pra\u00e7a por paralelep\u00edpedos.<\/p>\n<p>Durante o governo de Virg\u00ednio Mendon\u00e7a, foram constru\u00eddos dois pavilh\u00f5es na pra\u00e7a, o maior hoje \u00e9 o Teatro Waldemar Henrique; o menor abriga a Escola de Arte da Universidade Federal do Par\u00e1.<\/p>\n<p>Hoje a pra\u00e7a da Rep\u00fablica torna-se o palco ideal de grandes comemora\u00e7\u00f5es como o C\u00edrio de Nazar\u00e9, o Dia da Ra\u00e7a e o desfile de 7 de setembro. Nos outros 362 dias do ano, \u00e9 o lugar ideal para passear com a fam\u00edlia, fazer evangelismo, encontrar os amigos ou namorar.<\/p>\n<h2>Pra\u00e7a da Rep\u00fablica\u00a0Bel\u00e9m\u00a0Monumento<\/h2>\n<p>Em uma das maiores e mais importantes pra\u00e7as de Bel\u00e9m do Par\u00e1, no bairro da Campina, \u00e1rea central da capital, foi constru\u00eddo o <em>monumento<\/em> \u00e0 Rep\u00fablica, inaugurado no dia 15 de novembro de 1897. Antes desta data, o local onde foi erguido o monumento teve v\u00e1rias atribui\u00e7\u00f5es e denomina\u00e7\u00f5es. Primeiramente foi chamado de Largo da Campina e, posteriormente, com a constru\u00e7\u00e3o de um armaz\u00e9m para guardar p\u00f3lvora, passou a ser o Largo da P\u00f3lvora. Tamb\u00e9m neste largo foi instalada uma forca, contudo n\u00e3o h\u00e1 registro de execu\u00e7\u00f5es. Ainda neste terreno existiu um cemit\u00e9rio para sepultamento de escravos em cova rasa.<br \/>\nO local recebeu o nome de Pra\u00e7a Pedro II na \u00e9poca do Imp\u00e9rio e, ainda neste per\u00edodo, iniciou-se a lenta urbaniza\u00e7\u00e3o desta \u00e1rea, com a inaugura\u00e7\u00e3o em 1878 do Teatro de Nossa Senhora da Paz, atualmente Teatro da Paz. Foi batizada de Pra\u00e7a da Rep\u00fablica em homenagem \u00e0 nova forma de governo, no final do s\u00e9culo XIX. O Monumento \u00e0 Rep\u00fablica, atualmente, est\u00e1 ainda cercado pelo Teatro Waldemar Henrique e o Instituto de Ci\u00eancias da Arte da Universidade Federal do Par\u00e1, ambos tamb\u00e9m erguidos na pra\u00e7a.<\/p>\n<h3>Pra\u00e7a da Rep\u00fablica\u00a0Bel\u00e9m\u00a0Feira<\/h3>\n<p>Na Pra\u00e7a da Rep\u00fablica existe um<em> feira <\/em>muito famosa onde as barraquinhas ficam dispostas como camel\u00f4s. E s\u00e3o v\u00e1rias! De comida, artesanato, instrumentos musicais entre outras.<\/p>\n<h3>Pra\u00e7a da Rep\u00fablica\u00a0Bel\u00e9m\u00a0Fotos<\/h3>\n<p><img loading=\"lazy\" decoding=\"async\" class=\"alignnone wp-image-811 size-full\" title=\"Pra\u00e7a da Rep\u00fablica Bel\u00e9m Fotos\" src=\"http:\/\/www.encontrabelem.com.br\/sobre\/wp-content\/uploads\/2019\/04\/pra\u00e7a-da-republica-fotos.gif\" alt=\"Pra\u00e7a da Rep\u00fablica Bel\u00e9m Fotos\" width=\"500\" height=\"450\" \/><\/p>\n<h3>Hor\u00e1rio de Funcionamento\u00a0Feira da Rep\u00fablica em Bel\u00e9m<\/h3>\n<ul>\n<li>24 horas<\/li>\n<\/ul>\n<h3>Onde Fica\u00a0e Endere\u00e7o Feira da Rep\u00fablica em Bel\u00e9m<\/h3>\n<ul>\n<li>Avenida Presidente Vargas, 814 &#8211; Campina &#8211; Bel\u00e9m &#8211; PA<\/li>\n<\/ul>\n<h4>Mapa de localiza\u00e7\u00e3o<\/h4>\n<a class=\"wp-colorbox-iframe\" href=\"https:\/\/www.google.com\/maps\/embed?pb=!1m14!1m8!1m3!1d15954.149194358808!2d-48.494686!3d-1.4519476!3m2!1i1024!2i768!4f13.1!3m3!1m2!1s0x00x1bd2873ba9e8d621!2zUHJhw6dhIGRhIFJlcMO6YmxpY2E!5e0!3m2!1spt-BR!2sbr!4v1554816213069!5m2!1spt-BR!2sbr\"><img decoding=\"async\" src=\"http:\/\/www.encontrabelem.com.br\/imgs\/maps-post.png\"><\/a>\n\n<div style=\"font-size: 0px; height: 0px; line-height: 0px; margin: 0; padding: 0; clear: both;\"><\/div>","protected":false},"excerpt":{"rendered":"<p>A Pra\u00e7a da Rep\u00fablica Bel\u00e9m no in\u00edcio era o Largo da Campina, um imenso terreno descampado que ficava entre o bairro da Campina e a estrada que levava \u00e0 ermida de Nossa Senhora de Nazar\u00e9. Depois, no s\u00e9culo XVIII, l\u00e1 foi constru\u00eddo um imenso armaz\u00e9m para se guardar p\u00f3lvora, tra\u00e7ando-lhe o nome para Largo da P\u00f3lvora. Uma forca foi erguida, mas n\u00e3o h\u00e1 registro de nenhum enforcamento. O que se sabe \u00e9 que o espa\u00e7o era usado para sepultar, em cova rasa, escravos e pobres. Em homenagem ao imperador, lhe deram o nome de Pedro II, mas continuava sendo um <\/p>\n","protected":false},"author":1,"featured_media":0,"parent":0,"menu_order":0,"comment_status":"closed","ping_status":"closed","template":"","meta":{"footnotes":""},"class_list":["post-809","page","type-page","status-publish","hentry"],"aioseo_notices":[],"_links":{"self":[{"href":"https:\/\/www.encontrabelem.com.br\/sobre\/wp-json\/wp\/v2\/pages\/809","targetHints":{"allow":["GET"]}}],"collection":[{"href":"https:\/\/www.encontrabelem.com.br\/sobre\/wp-json\/wp\/v2\/pages"}],"about":[{"href":"https:\/\/www.encontrabelem.com.br\/sobre\/wp-json\/wp\/v2\/types\/page"}],"author":[{"embeddable":true,"href":"https:\/\/www.encontrabelem.com.br\/sobre\/wp-json\/wp\/v2\/users\/1"}],"replies":[{"embeddable":true,"href":"https:\/\/www.encontrabelem.com.br\/sobre\/wp-json\/wp\/v2\/comments?post=809"}],"version-history":[{"count":0,"href":"https:\/\/www.encontrabelem.com.br\/sobre\/wp-json\/wp\/v2\/pages\/809\/revisions"}],"wp:attachment":[{"href":"https:\/\/www.encontrabelem.com.br\/sobre\/wp-json\/wp\/v2\/media?parent=809"}],"curies":[{"name":"wp","href":"https:\/\/api.w.org\/{rel}","templated":true}]}}