{"id":723,"date":"2019-03-25T05:58:46","date_gmt":"2019-03-25T08:58:46","guid":{"rendered":"http:\/\/www.encontrabelem.com.br\/sobre\/?page_id=723"},"modified":"2019-04-15T13:54:10","modified_gmt":"2019-04-15T16:54:10","slug":"inss-belem","status":"publish","type":"page","link":"https:\/\/www.encontrabelem.com.br\/sobre\/inss-belem","title":{"rendered":"INSS Bel\u00e9m"},"content":{"rendered":"<div class=\"b22802487b0d38c4c6d9f34966e16421\" data-index=\"1\" style=\"float: none; margin:0px;\">\n<!-- Anuncio display - global -->\r\n<ins class=\"adsbygoogle\"\r\n     style=\"display:block\"\r\n     data-ad-client=\"ca-pub-8585364105181520\"\r\n     data-ad-slot=\"8789329856\"\r\n     data-ad-format=\"auto\"\r\n     data-full-width-responsive=\"true\"><\/ins>\r\n<script>\r\n     (adsbygoogle = window.adsbygoogle || []).push({});\r\n<\/script>\n<\/div>\n<p>O\u00a0Instituto Nacional do Seguro Social \u2013 INSS\u00a0foi criado em 27 de junho de 1990, por meio do\u00a0Decreto n\u00b0 99.350, a partir da fus\u00e3o do\u00a0Instituto de Administra\u00e7\u00e3o Financeira da Previd\u00eancia e Assist\u00eancia Social \u2013 IAPAS\u00a0com o\u00a0Instituto Nacional de Previd\u00eancia Social \u2013 INPS, como autarquia vinculada ao Minist\u00e9rio da Previd\u00eancia e Assist\u00eancia Social \u2013 MPAS.<\/p>\n<p>Atualmente, o\u00a0<strong>Posto INSS em Bel\u00e9m<\/strong>\u00a0\u00e9 respons\u00e1vel pelo pagamento de 180 mil benef\u00edcios.\u00a0Com a informatiza\u00e7\u00e3o, os segurados ter\u00e3o que esperar menos tempo para serem atendidos e poder\u00e3o ter o benef\u00edcio concedido no mesmo dia do requerimento.<\/p>\n<p><img loading=\"lazy\" decoding=\"async\" class=\"alignnone wp-image-724 size-full\" title=\"INSS Bel\u00e9m\" src=\"http:\/\/www.encontrabelem.com.br\/sobre\/wp-content\/uploads\/2019\/03\/inss.png\" alt=\"INSS Bel\u00e9m\" width=\"663\" height=\"238\" srcset=\"https:\/\/www.encontrabelem.com.br\/sobre\/wp-content\/uploads\/2019\/03\/inss.png 663w, https:\/\/www.encontrabelem.com.br\/sobre\/wp-content\/uploads\/2019\/03\/inss-300x108.png 300w\" sizes=\"auto, (max-width: 663px) 100vw, 663px\" \/><\/p>\n<p>Se apresentar a documenta\u00e7\u00e3o completa, o benefici\u00e1rio recebe a carta de concess\u00e3o na hora, informando a data e o banco em que estar\u00e1 dispon\u00edvel seu pagamento.<\/p>\n<p>As ag\u00eancias de atendimento s\u00e3o unidades fixas, espalhadas por todo o\u00a0<em>Brasil<\/em>, totalizando mais de 1500 pontos de atendimento. Elas s\u00e3o respons\u00e1veis por fazer todo tipo de atendimento disponibilizado \u00e0 popula\u00e7\u00e3o.<\/p>\n<h3>INSS Bel\u00e9m Agendamento<\/h3>\n<p>O\u00a0<a href=\"https:\/\/meu.inss.gov.br\/central\/index.html#\/agenda\/\">agendamento<\/a>\u00a0tem por finalidade viabilizar um atendimento mais c\u00f4modo e resolutivo para voc\u00ea, al\u00e9m de permitir \u00e0s ag\u00eancias do INSS se planejarem para o atendimento de acordo com a for\u00e7a de trabalho de cada unidade. O agendamento \u00e9 um protocolo v\u00e1lido e garante todos os seus direitos. Depois de agendar, lembre-se de conferir, na p\u00e1gina do pr\u00f3prio servi\u00e7o, a documenta\u00e7\u00e3o que voc\u00ea deve levar no dia do seu atendimento.<\/p>\n<h3>INSS Bel\u00e9m Resultado de Per\u00edcia<\/h3>\n<p>O INSS oferece a possibilidade oferecida ao cidad\u00e3o de acompanhar via\u00a0Internet o\u00a0andamento de seu pedido de benef\u00edcio. Clique<a href=\"https:\/\/www.inss.gov.br\/servicos-do-inss\/consulta-de-situacao-de-beneficio\/\">\u00a0aqui<\/a>\u00a0e acompanhe utilizando o n\u00famero do ben\u00e9ficio, CPF, nome do benefici\u00e1rio e Data de Nascimento.<\/p>\n<h3>Hor\u00e1rio de Atendimento Posto INSS Bel\u00e9m<\/h3>\n<ul>\n<li>Segunda a sexta das 7h \u00e0s 17h<\/li>\n<\/ul>\n<h3>Endere\u00e7o e Telefone INSS em Bel\u00e9m<\/h3>\n<ul>\n<li>Av. N\u00aa Sra. de Nazar\u00e9, 133 &#8211; Nazar\u00e9 &#8211; Bel\u00e9m &#8211; PA<\/li>\n<li>Telefone:\u00a0(91) 3212-8033<\/li>\n<\/ul>\n<h3>Outras informa\u00e7\u00f5es:<\/h3>\n<ul>\n<li>Mais informa\u00e7\u00f5es:\u00a0<a href=\"https:\/\/www.inss.gov.br\/tag\/duque-de-caxias\/\" target=\"_blank\" rel=\"noopener noreferrer\">www.inss.gov.br<\/a><\/li>\n<li>Mias informa\u00e7\u00f5es:\u00a0<a href=\"http:\/\/www.consultainss.com\/inss-belem-nazare-pa-agencia-da-previdencia-social\/\" target=\"_blank\" rel=\"noopener noreferrer\">www.consultainss.com\/inss-belem-nazare-pa-agencia-da-previdencia-social<\/a><\/li>\n<\/ul>\n<h4>Mapa de localiza\u00e7\u00e3o<\/h4>\n<a class=\"wp-colorbox-iframe\" href=\"https:\/\/www.google.com\/maps\/embed?pb=!1m14!1m8!1m3!1d15954.138566087011!2d-48.4915776!3d-1.4534527!3m2!1i1024!2i768!4f13.1!3m3!1m2!1s0x00x5ba99b6bf5b26c32!2sINSS+-+Instituto+Nacional+da+Seguridade+Social+-+Gerncia+Executiva+de+Belm!5e0!3m2!1spt-BR!2sbr!4v1553503990406\"><img decoding=\"async\" src=\"http:\/\/www.encontrabelem.com.br\/imgs\/maps-post.png\"><\/a>\n\n<div style=\"font-size: 0px; height: 0px; line-height: 0px; margin: 0; padding: 0; clear: both;\"><\/div>","protected":false},"excerpt":{"rendered":"<p>O\u00a0Instituto Nacional do Seguro Social \u2013 INSS\u00a0foi criado em 27 de junho de 1990, por meio do\u00a0Decreto n\u00b0 99.350, a partir da fus\u00e3o do\u00a0Instituto de Administra\u00e7\u00e3o Financeira da Previd\u00eancia e Assist\u00eancia Social \u2013 IAPAS\u00a0com o\u00a0Instituto Nacional de Previd\u00eancia Social \u2013 INPS, como autarquia vinculada ao Minist\u00e9rio da Previd\u00eancia e Assist\u00eancia Social \u2013 MPAS. Atualmente, o\u00a0Posto INSS em Bel\u00e9m\u00a0\u00e9 respons\u00e1vel pelo pagamento de 180 mil benef\u00edcios.\u00a0Com a informatiza\u00e7\u00e3o, os segurados ter\u00e3o que esperar menos tempo para serem atendidos e poder\u00e3o ter o benef\u00edcio concedido no mesmo dia do requerimento. Se apresentar a documenta\u00e7\u00e3o completa, o benefici\u00e1rio recebe a carta de concess\u00e3o <\/p>\n","protected":false},"author":1,"featured_media":0,"parent":0,"menu_order":0,"comment_status":"closed","ping_status":"closed","template":"","meta":{"footnotes":""},"class_list":["post-723","page","type-page","status-publish","hentry"],"aioseo_notices":[],"_links":{"self":[{"href":"https:\/\/www.encontrabelem.com.br\/sobre\/wp-json\/wp\/v2\/pages\/723","targetHints":{"allow":["GET"]}}],"collection":[{"href":"https:\/\/www.encontrabelem.com.br\/sobre\/wp-json\/wp\/v2\/pages"}],"about":[{"href":"https:\/\/www.encontrabelem.com.br\/sobre\/wp-json\/wp\/v2\/types\/page"}],"author":[{"embeddable":true,"href":"https:\/\/www.encontrabelem.com.br\/sobre\/wp-json\/wp\/v2\/users\/1"}],"replies":[{"embeddable":true,"href":"https:\/\/www.encontrabelem.com.br\/sobre\/wp-json\/wp\/v2\/comments?post=723"}],"version-history":[{"count":0,"href":"https:\/\/www.encontrabelem.com.br\/sobre\/wp-json\/wp\/v2\/pages\/723\/revisions"}],"wp:attachment":[{"href":"https:\/\/www.encontrabelem.com.br\/sobre\/wp-json\/wp\/v2\/media?parent=723"}],"curies":[{"name":"wp","href":"https:\/\/api.w.org\/{rel}","templated":true}]}}