{"id":720,"date":"2019-03-25T05:44:19","date_gmt":"2019-03-25T08:44:19","guid":{"rendered":"http:\/\/www.encontrabelem.com.br\/sobre\/?page_id=720"},"modified":"2019-03-25T05:45:08","modified_gmt":"2019-03-25T08:45:08","slug":"semad-belem","status":"publish","type":"page","link":"https:\/\/www.encontrabelem.com.br\/sobre\/semad-belem","title":{"rendered":"Semad Bel\u00e9m"},"content":{"rendered":"<div class=\"b22802487b0d38c4c6d9f34966e16421\" data-index=\"1\" style=\"float: none; margin:0px;\">\n<!-- Anuncio display - global -->\r\n<ins class=\"adsbygoogle\"\r\n     style=\"display:block\"\r\n     data-ad-client=\"ca-pub-8585364105181520\"\r\n     data-ad-slot=\"8789329856\"\r\n     data-ad-format=\"auto\"\r\n     data-full-width-responsive=\"true\"><\/ins>\r\n<script>\r\n     (adsbygoogle = window.adsbygoogle || []).push({});\r\n<\/script>\n<\/div>\n<p>A <strong>SEMAD Bel\u00e9m<\/strong> \u00e9 um \u00f3rg\u00e3o da administra\u00e7\u00e3o direta da Prefeitura de Bel\u00e9m vinculada a todas as secretarias. Tendo como finalidade o planejamento, execu\u00e7\u00e3o, coordena\u00e7\u00e3o, controle e avalia\u00e7\u00e3o das atividades administrativas exercidas na Prefeitura Municipal.<\/p>\n<p>A Secretaria trabalha com o desenvolvimento de recursos humanos, com a administra\u00e7\u00e3o de material e do controle patrimonial. Exerce sua fun\u00e7\u00e3o com a divulga\u00e7\u00e3o dos atos oficiais do governo municipal e das comunica\u00e7\u00f5es internas.<\/p>\n<p><img loading=\"lazy\" decoding=\"async\" class=\"alignnone wp-image-721 size-full\" title=\"Semad Bel\u00e9m\" src=\"http:\/\/www.encontrabelem.com.br\/sobre\/wp-content\/uploads\/2019\/03\/semad-belem.gif\" alt=\"Semad Bel\u00e9m\" width=\"680\" height=\"189\" \/><\/p>\n<h2>Semad\u00a0Bel\u00e9m Servi\u00e7os<\/h2>\n<p>O Semad oferece os seguintes Servi\u00e7os:<\/p>\n<ul>\n<li>Organiza\u00e7\u00e3o administrativa;<\/li>\n<li>Administra\u00e7\u00e3o e desenvolvimento de recursos humanos;<\/li>\n<li>Administra\u00e7\u00e3o de material e controle patrimonial;<\/li>\n<li>Divulga\u00e7\u00e3o dos atos oficiais do Governo Municipal atrav\u00e9s do Di\u00e1rio oficial do Munic\u00edpio;<\/li>\n<li>Estabelecimento, aplica\u00e7\u00e3o e controle de normas e diretrizes espec\u00edficas.<\/li>\n<\/ul>\n<h3>Semad\u00a0Bel\u00e9m Contra cheque<\/h3>\n<p>Para o servidor que deseja imprimir o seu<em> contra cheque <\/em>acesse\u00a0<a href=\"http:\/\/www.belem.pa.gov.br\/app\/c2ms\/\" target=\"_blank\" rel=\"noopener noreferrer\">www.belem.pa.gov.br<\/a>\u00a0e preencha o formul\u00e1rio com os dados solicitados<\/p>\n<h3>Vagas\u00a0Semad Bel\u00e9m &#8211; Trabalhe Conosco<\/h3>\n<p>O Semad contrata funcion\u00e1rios atrav\u00e9s de <em>concursos p\u00fablicos<\/em>, fique atento ao site e ao <a href=\"http:\/\/www.encontrabelem.com.br\/sobre\/diario-oficial-belem\" target=\"_blank\" rel=\"noopener noreferrer\">di\u00e1rio oficial<\/a> e n\u00e3o perca as datas de inscri\u00e7\u00e3o e provas.<\/p>\n<h3>\u00a0Hor\u00e1rio de Funcionamento\u00a0Semad em Bel\u00e9m<\/h3>\n<ul>\n<li>Segunda a Sexta das 08h \u00e0s 17h<\/li>\n<\/ul>\n<h3>Endere\u00e7o e Telefone\u00a0Semad em Bel\u00e9m<\/h3>\n<ul>\n<li>Av. Nazar\u00e9, 361 \u2013 Nazar\u00e9 &#8211; Bel\u00e9m &#8211; PA<\/li>\n<li>Telefone: (91) 3283-4900<\/li>\n<\/ul>\n<h4>Outras informa\u00e7\u00f5es e site<\/h4>\n<ul>\n<li>Mais informa\u00e7\u00f5es:\u00a0<a href=\"http:\/\/ww3.belem.pa.gov.br\/www\/orgaos-municipais\/secretarias-3\/semad-secretaria-municipal-de-administracao\/\" target=\"_blank\" rel=\"noopener noreferrer\">ww3.belem.pa.gov.br\/semad<\/a><\/li>\n<\/ul>\n<h4>Mapa de localiza\u00e7\u00e3o<\/h4>\n<a class=\"wp-colorbox-iframe\" href=\"https:\/\/www.google.com\/maps\/embed?pb=!1m18!1m12!1m3!1d3988.5355990278426!2d-48.49157968524594!3d-1.45291049894039!2m3!1f0!2f0!3f0!3m2!1i1024!2i768!4f13.1!3m3!1m2!1s0x92a48e8fefcf73f10xa86c20693b421ea3!2zQXYuIE7CqiBTcmEuIGRlIE5hemFyw6ksIDM2MSAtIE5hemFyw6ksIEJlbMOpbSAtIFBBLCA2NjA0MC0xNDU!5e0!3m2!1spt-BR!2sbr!4v1553503122369\"><img decoding=\"async\" src=\"http:\/\/www.encontrabelem.com.br\/imgs\/maps-post.png\"><\/a>\n\n<div style=\"font-size: 0px; height: 0px; line-height: 0px; margin: 0; padding: 0; clear: both;\"><\/div>","protected":false},"excerpt":{"rendered":"<p>A SEMAD Bel\u00e9m \u00e9 um \u00f3rg\u00e3o da administra\u00e7\u00e3o direta da Prefeitura de Bel\u00e9m vinculada a todas as secretarias. Tendo como finalidade o planejamento, execu\u00e7\u00e3o, coordena\u00e7\u00e3o, controle e avalia\u00e7\u00e3o das atividades administrativas exercidas na Prefeitura Municipal. A Secretaria trabalha com o desenvolvimento de recursos humanos, com a administra\u00e7\u00e3o de material e do controle patrimonial. Exerce sua fun\u00e7\u00e3o com a divulga\u00e7\u00e3o dos atos oficiais do governo municipal e das comunica\u00e7\u00f5es internas. Semad\u00a0Bel\u00e9m Servi\u00e7os O Semad oferece os seguintes Servi\u00e7os: Organiza\u00e7\u00e3o administrativa; Administra\u00e7\u00e3o e desenvolvimento de recursos humanos; Administra\u00e7\u00e3o de material e controle patrimonial; Divulga\u00e7\u00e3o dos atos oficiais do Governo Municipal atrav\u00e9s do <\/p>\n","protected":false},"author":1,"featured_media":0,"parent":0,"menu_order":0,"comment_status":"closed","ping_status":"closed","template":"","meta":{"footnotes":""},"class_list":["post-720","page","type-page","status-publish","hentry"],"aioseo_notices":[],"_links":{"self":[{"href":"https:\/\/www.encontrabelem.com.br\/sobre\/wp-json\/wp\/v2\/pages\/720","targetHints":{"allow":["GET"]}}],"collection":[{"href":"https:\/\/www.encontrabelem.com.br\/sobre\/wp-json\/wp\/v2\/pages"}],"about":[{"href":"https:\/\/www.encontrabelem.com.br\/sobre\/wp-json\/wp\/v2\/types\/page"}],"author":[{"embeddable":true,"href":"https:\/\/www.encontrabelem.com.br\/sobre\/wp-json\/wp\/v2\/users\/1"}],"replies":[{"embeddable":true,"href":"https:\/\/www.encontrabelem.com.br\/sobre\/wp-json\/wp\/v2\/comments?post=720"}],"version-history":[{"count":0,"href":"https:\/\/www.encontrabelem.com.br\/sobre\/wp-json\/wp\/v2\/pages\/720\/revisions"}],"wp:attachment":[{"href":"https:\/\/www.encontrabelem.com.br\/sobre\/wp-json\/wp\/v2\/media?parent=720"}],"curies":[{"name":"wp","href":"https:\/\/api.w.org\/{rel}","templated":true}]}}