{"id":704,"date":"2019-03-21T15:45:00","date_gmt":"2019-03-21T18:45:00","guid":{"rendered":"http:\/\/www.encontrabelem.com.br\/sobre\/?page_id=704"},"modified":"2019-03-21T15:46:14","modified_gmt":"2019-03-21T18:46:14","slug":"arquidiocese-de-belem","status":"publish","type":"page","link":"https:\/\/www.encontrabelem.com.br\/sobre\/arquidiocese-de-belem","title":{"rendered":"Arquidiocese de Bel\u00e9m"},"content":{"rendered":"<div class=\"b22802487b0d38c4c6d9f34966e16421\" data-index=\"1\" style=\"float: none; margin:0px;\">\n<!-- Anuncio display - global -->\r\n<ins class=\"adsbygoogle\"\r\n     style=\"display:block\"\r\n     data-ad-client=\"ca-pub-8585364105181520\"\r\n     data-ad-slot=\"8789329856\"\r\n     data-ad-format=\"auto\"\r\n     data-full-width-responsive=\"true\"><\/ins>\r\n<script>\r\n     (adsbygoogle = window.adsbygoogle || []).push({});\r\n<\/script>\n<\/div>\n<p>A <strong>Arquidiocese de Bel\u00e9m<\/strong> \u00e9 terceira mais antiga do Brasil \u00e9 a Sede Metropolitana de Bel\u00e9m do Par\u00e1. Em 04 de mar\u00e7o deste ano celebra 300 anos de diocese e em 1\u00b0 de maio celebra 113 anos de eleva\u00e7\u00e3o de Diocese \u00e0 Arquidiocese. Atualmente em sua sede de governo conta com Arcebispo Metropolitano de Bel\u00e9m, Dom Alberto Taveira Corr\u00eaa, os Bispos Auxiliares Dom Irineu Roman e Dom Ant\u00f4nio de Assis Ribeiro.\u00a0 S\u00e3o 249 sacerdotes, 153 di\u00e1conos, e 91 par\u00f3quias divididas em sete Regi\u00f5es Episcopais.<\/p>\n<p>As Regi\u00f5es Episcopais contemplando a capital paraense e os munic\u00edpios de Ananindeua, Marituba, Benevides e Santa B\u00e1rbara, fazendo limite com as Dioceses de Abaetetuba (PA), Castanhal (PA), Ponta de Pedras (PA) e a Prelazia de Maraj\u00f3 (PA).\u00a0A Arquidiocese de Bel\u00e9m \u00e9 um lar para muitos povos, com viv\u00eancia Eucar\u00edstica tem como maior riqueza a F\u00e9 e o trabalho Mission\u00e1rio realizado pelo clero, pastorais, religiosos, leigos que trabalham a realidade do seu povo, fazendo a Igreja com rosto amaz\u00f4nico.<\/p>\n<p><img loading=\"lazy\" decoding=\"async\" class=\"alignnone wp-image-706 size-full\" title=\"Arquidiocese de Bel\u00e9m\" src=\"http:\/\/www.encontrabelem.com.br\/sobre\/wp-content\/uploads\/2019\/03\/arquidioceswse-belem.gif\" alt=\"Arquidiocese de Bel\u00e9m\" width=\"680\" height=\"189\" \/><\/p>\n<p>A Miss\u00e3o da Igreja que desde 12 de janeiro de 1616 evangeliza a Amaz\u00f4nia \u00e9 estabelecer um novo modo de ser, abrindo espa\u00e7o para leigos exercerem de modo efetivo e concreto seus minist\u00e9rios ao lado do clero, do episcopado e dos religiosos criando assim uma rede de comunidades eclesi\u00e1stica possibilitando uma presen\u00e7a maior da igreja vida do seu povo.<\/p>\n<p>E esse ber\u00e7o amaz\u00f4nico tem Identidade Mariana, tendo como padroeira da Arquidiocese e da capital paraense, Santa Maria de Bel\u00e9m e Nossa Senhora de Nazar\u00e9 como Rainha da Amaz\u00f4nia.<\/p>\n<p>\u201cEvangelizar, a partir de Jesus Cristo e na for\u00e7a do Esp\u00edrito Santo, como Igreja disc\u00edpula, mission\u00e1ria e prof\u00e9tica, alimentada pela Palavra de Deus e pela Eucaristia, \u00e0 luz da evang\u00e9lica op\u00e7\u00e3o preferencial pelos pobres, para que todos tenham vida (Jo 10,10), rumo ao Reino definitivo\u201d. (Plano Pastoral da Arquidiocese de Bel\u00e9m 2012\/2016)<\/p>\n<h2>Arquidiocese de\u00a0Bel\u00e9m\u00a0Hist\u00f3ria<\/h2>\n<p>A desconhecida Bel\u00e9m de Jud\u00e1, pequena aldeia no tempo de Cristo, tornou-se famosa em todo o mundo por ter sido o ber\u00e7o do Salvador, iniciando-se ali uma nova era para a humanidade.<\/p>\n<p>Apesar de a Jud\u00e9ia ser um estado vassalo de Roma na \u00e9poca de Herodes, somente ap\u00f3s a queda de Jerusal\u00e9m, no ano 70, ela passou a fazer parte do Imp\u00e9rio Romano. O imperador Constantino, convertido ao cristianismo, mandou edificar no ano 330, sobre a gruta da Natividade, uma bas\u00edlica, cujos belos mosaicos representando os antepassados de Jesus e os profetas que anunciaram o seu nascimento a celebrizaram como um dos principais monumentos art\u00edsticos da Cristandade.<\/p>\n<p>Havia no templo uma imagem bizantina da Virgem Sant\u00edssima, que se tornou conhecida com o t\u00edtulo de Santa Maria de Bel\u00e9m. Seu culto se espalhou pela Europa, chegando a Portugal atrav\u00e9s de religiosos e peregrinos que estiveram na Terra Santa.<\/p>\n<p>No in\u00edcio do s\u00e9culo XV, o infante D. Henrique, fundador da Escola de Sagres e grande incentivador das navega\u00e7\u00f5es portuguesas, mandou construir na praia do Restelo, em Lisboa, uma igreja dedicada \u00e0quela invoca\u00e7\u00e3o. Dizia ele que, assim como a estrela de Bel\u00e9m guiou os Reis Magos at\u00e9 a manjedoura onde se achava o Menino Deus, assim tamb\u00e9m a Senhora de Bel\u00e9m ajudaria a encontrar novas terras e o caminho para as \u00cdndias.<\/p>\n<p>Foi ali, na pequena ermida do Restelo, que Vasco da Gama, antes de seguir \u00e0 procura das \u00cdndias em 1497, passou a noite em ora\u00e7\u00e3o e assistiu \u00e0 Santa Missa. Vasco da Gama conseguiu \u00eaxito completo em sua arriscada travessia mar\u00edtima, chegando s\u00e3o e salvo \u00e0 lend\u00e1ria Calicut, onde foi recebido pelo Samorim. Em agradecimento \u00e0 prote\u00e7\u00e3o da Soberana dos Mares, el-rei Dom Manuel transformou a humilde capela de Santa Maria de Bel\u00e9m no suntuoso mosteiro conhecido atualmente como \u201cOs Jer\u00f4nimos\u201d, uma das obras-primas da arquitetura manuelina.<\/p>\n<p>Desde ent\u00e3o as grandes expedi\u00e7\u00f5es mar\u00edtimas eram precedidas de solene cerim\u00f4nia religiosa na magn\u00edfica igreja da Protetora dos Navegantes. Pedro \u00c1lvares Cabral, antes de iniciar sua viagem de descobrimento, ali assistiu \u00e0 Santa Missa e seguiu com o rei em prociss\u00e3o at\u00e9 o cais, onde a frota, pronta para zarpar, salvou com entusiasmo seu soberano e seu comandante.<\/p>\n<p>Trazida para o Brasil pelos primeiros povoadores, esta invoca\u00e7\u00e3o da M\u00e3e de Deus teve muitos devotos em todo o territ\u00f3rio nacional, principalmente em Itatiba (SP) e Bel\u00e9m do Par\u00e1, que lhe dedicaram suas par\u00f3quias.<\/p>\n<p>No Natal de 1615 o capit\u00e3o-mor Francisco Caldeira Castelo Branco partiu de S\u00e3o Lu\u00eds do Maranh\u00e3o com tr\u00eas navios e 150 homens, para ocupar o Amazonas. Em janeiro desembarcou na foz daquele rio, na formosa baia do Guajar\u00e1, onde ergueu o Forte do Pres\u00e9pio, fundando uma povoa\u00e7\u00e3o que mais tarde recebeu o nome de Santa Maria de Bel\u00e9m do Gr\u00e3o-Par\u00e1.<\/p>\n<p>Alguns anos depois, Castelo Branco entrou em conflito com a tropa e, devido \u00e0 viol\u00eancia com que tratou seus oficiais, foi preso, demitido do cargo de capit\u00e3o-mor e levado para Portugal. Os ind\u00edgenas aproveitaram-se da desuni\u00e3o entre os conquistadores, cercaram a vila e nela penetraram matando velhos, mulheres e crian\u00e7as. O historiador sacro Frei Agostinho de Santa Maria, em seu livro publicado em 1722, afirmava que o nome de Nossa Senhora de Bel\u00e9m teria sido dado \u00e0 Padroeira da cidade \u201cem mem\u00f3ria dos Santos Inocentes que em Bel\u00e9m foram degolados por amor a Jesus, a quem Herodes tamb\u00e9m pretendia matar\u201d.<\/p>\n<p>Na capital paraense os festejos da Padroeira se realizam a 1\u00ba de setembro, na S\u00e9 cuja Par\u00f3quia \u00e9 dedicada a Nossa Senhora da Gra\u00e7a. Em fins do s\u00e9culo XIX, devido a uma promessa feita pelo Bispo Dom Macedo Costa, a Catedral foi entregue a Santa Maria de Bel\u00e9m numa cerim\u00f4nia solene, perpetuada em art\u00edsticos pain\u00e9is na ab\u00f3bada do templo.<\/p>\n<p>Na fachada da igreja, uma das mais belas do Brasil Colonial, inspirada na arquitetura oficial da corte de Lisboa na \u00e9poca de Dom Jo\u00e3o V, pode-se admirar uma enorme ef\u00edgie da Virgem Maria com o Menino Jesus, sentado em seu colo e abra\u00e7ando sua M\u00e3e. Sobre o altar-mor, al\u00e9m de bonita imagem semelhante \u00e0 da fachada, existe uma grande tela, representando o pres\u00e9pio de Bel\u00e9m, como recorda\u00e7\u00e3o do nome dado ao forte, do qual se originou a pitoresca cidade das mangueiras.<\/p>\n<p>Viajando a procura do rio-mar, o capit\u00e3o Francisco Caldeira Castelo Branco, guiado pela estrela do Natal, chegou ao local predestinado a ser o ber\u00e7o da civiliza\u00e7\u00e3o luso-brasileira no extremo norte do Brasil, a cidade de Santa Maria de Bel\u00e9m do Gr\u00e3o-Par\u00e1, porta de entrada da fabulosa Amaz\u00f4nia.<\/p>\n<p>Com a Bula \u201cCopiosus in Misericordia\u201d o Papa Clemente XI criou, em 04 de mar\u00e7o de 1719, o Bispado do Par\u00e1, dando a nova Diocese o mesmo nome da Cidade: Santa Maria de Bel\u00e9m. J\u00e1 em 1\u00ba de maio de 1906, o Papa Pio X por meio da \u201cSempiternum humani generis\u201d, elevou a diocese \u00e0 Arquidiocese, renovando sua consagra\u00e7\u00e3o a Santa Maria de Bel\u00e9m como sua Padroeira principal.<\/p>\n<h3>Arquidiocese de\u00a0Bel\u00e9m Hor\u00e1rio de Missa<\/h3>\n<p>Acesse o site da Arquidiocese e clique na aba<em> &#8220;Par\u00f3quias e Missas&#8221; <\/em>e consulte o hor\u00e1rio das celebra\u00e7\u00f5es em todas as par\u00f3quias pertencentes \u00e0 Arquidiocese de Bel\u00e9m.<em><br \/>\n<\/em><\/p>\n<h3>Arquidiocese de\u00a0Bel\u00e9m Pascom<\/h3>\n<p>A <em>Pascom<\/em> &#8211; Pastoral da Comunica\u00e7\u00e3o \u00e9 a pastoral do ser\/estar em comunh\u00e3o\/comunidade. \u00c9 a pastoral da acolhida, da participa\u00e7\u00e3o, das inter-rela\u00e7\u00f5es humanas, da organiza\u00e7\u00e3o solid\u00e1ria e do planejamento democr\u00e1tico do uso dos recursos e instrumentos da comunica\u00e7\u00e3o. N\u00e3o \u00e9 uma pastoral a mais, mas aquela que integra todas as demais pastorais.<\/p>\n<p>Por meio da comunica\u00e7\u00e3o, seja pessoal ou por meio de qualquer instrumento, o agente da Pascom busca: anunciar o Evangelho; promover a comunh\u00e3o dentro da Igreja, entre os fi\u00e9is, o clero, as pastorais, movimentos; realizar uma comunica\u00e7\u00e3o interna (para os envolvidos na vida eclesial) e externa (para os que est\u00e3o fora e para os demais meios de comunica\u00e7\u00e3o).<\/p>\n<p>Como foi dito acima, a Pascom deve promover a comunh\u00e3o. Ent\u00e3o, precisa tamb\u00e9m realizar essa comunh\u00e3o da Par\u00f3quia com a Diocese. O que acontece na sua Par\u00f3quia pode interessar a tantas outras pessoas. E \u00e9 por meio da Diocese que elas podem ter conhecimento desses acontecimentos.<\/p>\n<h3>Arquidiocese\u00a0Bel\u00e9m Bras\u00e3o<\/h3>\n<p>O Bras\u00e3o de Armas da Arquidiocese de Bel\u00e9m do Par\u00e1 foi criado em 20 de maio de 2008, no per\u00edodo da novena em prepara\u00e7\u00e3o para os 400 anos de Evangeliza\u00e7\u00e3o da Igreja na Amaz\u00f4nia pelo ent\u00e3o Arcebispo Metropolitano de Bel\u00e9m, Dom Orani Jo\u00e3o Tempesta.<\/p>\n<p>O escudo traz dois campos: O azul \u00e9 o plano espiritual-transcendental e o campo vermelho \u00e9 falante tempor\u00e1ria, ambos do Projeto Divino. A liga\u00e7\u00e3o dos dois planos \u00e9 feita com a presen\u00e7a de Maria representada pela flor-de-lis, que concebeu, sem pecado, em Bel\u00e9m, seu filho unig\u00eanito, o Cristo, retratado na Cruz.<\/p>\n<p>O s\u00edmbolo da Concep\u00e7\u00e3o de Nossa Senhora de Bel\u00e9m est\u00e1 no ber\u00e7o pobre onde Jesus nasceu. O patrocinador deste mist\u00e9rio \u00e9 o Esp\u00edrito Santo, simbolizado na sua alegoria lit\u00fargica, sobre \u00e0 Cruz. A estrela com cauda \u00e9 o aviso do nascimento de Cristo concebido por sua M\u00e3e Sant\u00edssima, Nossa Senhora de Bel\u00e9m de Jud\u00e1, Padroeira desta Arquidiocese, e ambos deixam cair sob forma de rosas her\u00e1ldicas, as gra\u00e7as da Salva\u00e7\u00e3o das Almas, para o melhor servi\u00e7o de Deus e da sua Igreja Imortal.<\/p>\n<p><img loading=\"lazy\" decoding=\"async\" class=\"alignnone wp-image-705 size-full\" title=\"Arquidiocese Bel\u00e9m Bras\u00e3o\" src=\"http:\/\/www.encontrabelem.com.br\/sobre\/wp-content\/uploads\/2019\/03\/brasaobelem.gif\" alt=\"Arquidiocese Bel\u00e9m Bras\u00e3o\" width=\"311\" height=\"450\" \/><\/p>\n<h3>Hor\u00e1rio de Funcionamento\u00a0Arquidiocese em Bel\u00e9m<\/h3>\n<ul>\n<li>Segunda a Sexta das 08h \u00e0s 17h<\/li>\n<\/ul>\n<h3>Endere\u00e7o e Telefone\u00a0Arquidiocese em Bel\u00e9m<\/h3>\n<ul>\n<li>Av. Gov. Jos\u00e9 Malcher, 915 &#8211; Nazar\u00e9 &#8211; Bel\u00e9m &#8211; PA<\/li>\n<li>Telefone: (91) 3215-7001<\/li>\n<\/ul>\n<h4>Outras informa\u00e7\u00f5es e site<\/h4>\n<ul>\n<li>Mais informa\u00e7\u00f5es:\u00a0<a href=\"https:\/\/arquidiocesedebelem.com.br\/\" target=\"_blank\" rel=\"noopener noreferrer\">www.arquidiocesedebelem.com.br<\/a><\/li>\n<\/ul>\n<h4>Mapa de localiza\u00e7\u00e3o<\/h4>\n<a class=\"wp-colorbox-iframe\" href=\"https:\/\/www.google.com\/maps\/embed?pb=!1m14!1m8!1m3!1d15954.158177177107!2d-48.4855557!3d-1.4506743!3m2!1i1024!2i768!4f13.1!3m3!1m2!1s0x00x7c2cba5268526174!2sArquidiocese+de+Belm+do+Par!5e0!3m2!1spt-BR!2sbr!4v1553193662418\"><img decoding=\"async\" src=\"http:\/\/www.encontrabelem.com.br\/imgs\/maps-post.png\"><\/a>\n\n<div style=\"font-size: 0px; height: 0px; line-height: 0px; margin: 0; padding: 0; clear: both;\"><\/div>","protected":false},"excerpt":{"rendered":"<p>A Arquidiocese de Bel\u00e9m \u00e9 terceira mais antiga do Brasil \u00e9 a Sede Metropolitana de Bel\u00e9m do Par\u00e1. Em 04 de mar\u00e7o deste ano celebra 300 anos de diocese e em 1\u00b0 de maio celebra 113 anos de eleva\u00e7\u00e3o de Diocese \u00e0 Arquidiocese. Atualmente em sua sede de governo conta com Arcebispo Metropolitano de Bel\u00e9m, Dom Alberto Taveira Corr\u00eaa, os Bispos Auxiliares Dom Irineu Roman e Dom Ant\u00f4nio de Assis Ribeiro.\u00a0 S\u00e3o 249 sacerdotes, 153 di\u00e1conos, e 91 par\u00f3quias divididas em sete Regi\u00f5es Episcopais. As Regi\u00f5es Episcopais contemplando a capital paraense e os munic\u00edpios de Ananindeua, Marituba, Benevides e Santa <\/p>\n","protected":false},"author":1,"featured_media":0,"parent":0,"menu_order":0,"comment_status":"closed","ping_status":"closed","template":"","meta":{"footnotes":""},"class_list":["post-704","page","type-page","status-publish","hentry"],"aioseo_notices":[],"_links":{"self":[{"href":"https:\/\/www.encontrabelem.com.br\/sobre\/wp-json\/wp\/v2\/pages\/704","targetHints":{"allow":["GET"]}}],"collection":[{"href":"https:\/\/www.encontrabelem.com.br\/sobre\/wp-json\/wp\/v2\/pages"}],"about":[{"href":"https:\/\/www.encontrabelem.com.br\/sobre\/wp-json\/wp\/v2\/types\/page"}],"author":[{"embeddable":true,"href":"https:\/\/www.encontrabelem.com.br\/sobre\/wp-json\/wp\/v2\/users\/1"}],"replies":[{"embeddable":true,"href":"https:\/\/www.encontrabelem.com.br\/sobre\/wp-json\/wp\/v2\/comments?post=704"}],"version-history":[{"count":0,"href":"https:\/\/www.encontrabelem.com.br\/sobre\/wp-json\/wp\/v2\/pages\/704\/revisions"}],"wp:attachment":[{"href":"https:\/\/www.encontrabelem.com.br\/sobre\/wp-json\/wp\/v2\/media?parent=704"}],"curies":[{"name":"wp","href":"https:\/\/api.w.org\/{rel}","templated":true}]}}