{"id":701,"date":"2019-03-21T14:51:16","date_gmt":"2019-03-21T17:51:16","guid":{"rendered":"http:\/\/www.encontrabelem.com.br\/sobre\/?page_id=701"},"modified":"2019-04-15T13:52:33","modified_gmt":"2019-04-15T16:52:33","slug":"sesma-belem","status":"publish","type":"page","link":"https:\/\/www.encontrabelem.com.br\/sobre\/sesma-belem","title":{"rendered":"Sesma Bel\u00e9m"},"content":{"rendered":"<div class=\"b22802487b0d38c4c6d9f34966e16421\" data-index=\"1\" style=\"float: none; margin:0px;\">\n<!-- Anuncio display - global -->\r\n<ins class=\"adsbygoogle\"\r\n     style=\"display:block\"\r\n     data-ad-client=\"ca-pub-8585364105181520\"\r\n     data-ad-slot=\"8789329856\"\r\n     data-ad-format=\"auto\"\r\n     data-full-width-responsive=\"true\"><\/ins>\r\n<script>\r\n     (adsbygoogle = window.adsbygoogle || []).push({});\r\n<\/script>\n<\/div>\n<p>A <strong>Sesma Bel\u00e9m<\/strong> &#8211;\u00a0Secretaria da Sa\u00fade Fortaleza\u00a0\u00e9 um \u00f3rg\u00e3o da administra\u00e7\u00e3o direta do Governo estadual. Gerencia no Estado o Sistema \u00danico de Sa\u00fade (SUS). A Sesma tem a miss\u00e3o de assegurar a formula\u00e7\u00e3o e gest\u00e3o das pol\u00edticas p\u00fablicas em sa\u00fade e presta\u00e7\u00e3o da assist\u00eancia \u00e0 sa\u00fade individual e coletiva, contribuindo assim para a melhoria da qualidade de vida dos cearenses.<\/p>\n<p>A Sesma tem essa miss\u00e3o baseada nos valores da universalidade, integralidade, equidade, solidariedade, respeito \u00e0s cren\u00e7as, \u00e9tica, honestidade e justi\u00e7a social.<\/p>\n<p><img loading=\"lazy\" decoding=\"async\" class=\"alignnone wp-image-702 size-full\" title=\"Sesma Bel\u00e9m\" src=\"http:\/\/www.encontrabelem.com.br\/sobre\/wp-content\/uploads\/2019\/03\/sesma-belem.gif\" alt=\"Sesma Bel\u00e9m\" width=\"680\" height=\"189\" \/><\/p>\n<p>Valores que est\u00e3o nas a\u00e7\u00f5es administrativas do n\u00facleo central, nas 21 Coordenadorias\u00a0Regionais de Sa\u00fade e nos hospitais e unidades pr\u00f3prias.<\/p>\n<h2>Sesma Bel\u00e9m Aten\u00e7\u00e3o B\u00e1sica<\/h2>\n<p>O Sesma d\u00e1 <em>aten\u00e7\u00e3o b\u00e1sica<\/em> com atendimento m\u00e9dico com cl\u00ednico geral, ginecologista, dermatologista, nutricionista, assistente social, odontologia, cardiologista, oftalmologista, enfermagem. Programa de Pr\u00e9-natal, Hiper Dia, Tabagismo, Sa\u00fade Mental e Aleitamento materno (Pr\u00f3-Ame). Solicita\u00e7\u00e3o de exames de tuberculose e hansen\u00edase.<\/p>\n<h3>Sesma Bel\u00e9m Atendimento de Urg\u00eancia e Emerg\u00eancia<\/h3>\n<p>O <em>atendimento de Urg\u00eancia e Emerg\u00eancia<\/em> \u00e9 oferecido nos seguintes hospitais:<\/p>\n<ul>\n<li>Hospital e Pronto Socorro Municipal M\u00e1rio Pinotti<\/li>\n<li>Hosp\u00edtal e Pronto Socorro Municipal Humberto Maradei Pereira<\/li>\n<li>Upa de Pronto Atendimento: UPA DASAC, UPA DAGUA, UPA DAICO<\/li>\n<li>Samu 192<\/li>\n<li>Centro de Informa\u00e7\u00f5es Toxicol\u00f3gicas<\/li>\n<\/ul>\n<h3>Sesma Bel\u00e9m Servi\u00e7os Especializados<\/h3>\n<p>O Sesma oferece alguns <em>servi\u00e7os especializados<\/em>, s\u00e3o eles:<\/p>\n<p><strong>1. Centro de testagem e aconselhamento<\/strong> \u2013 faz parte do programa municipal de DST\/Aids e hepatites virais. O seu objetivo \u00e9 o de promover a preven\u00e7\u00e3o, o diagn\u00f3stico e dar a assist\u00eancia inicial \u00e0 Pessoa que vive com o HIV, bem como as Pessoas que Convivem com o HIV &#8211; parentes e amigos.<\/p>\n<p><strong>2. Casa Dia:<\/strong> atende os portadores do v\u00edrus HIV que s\u00e3o tratados dentro da rede municipal de sa\u00fade, depois que o Centro de Testagem e Aconselhamento (CTA) detecta se o paciente \u00e9 portador ou n\u00e3o do v\u00edrus. Se o resultado \u00e9 positivo, o portador de HIV \u00e9 matriculado automaticamente na casa. Ele recebe os medicamentos necess\u00e1rios para controlar a doen\u00e7a e acompanhamento m\u00e9dico e psicol\u00f3gico.<\/p>\n<p><strong>3. CEMO :<\/strong> Aten\u00e7\u00e3o B\u00e1sica com atendimento Beb\u00ea Clinica, realizado em crian\u00e7as de 0 a 2 anos.<\/p>\n<p><strong>4. Casa Mental do Adulto:<\/strong> Portadores de transtornos mentais, com intenso sofrimento ps\u00edquico severo e persistente, e depress\u00e3o a partir de 18 anos s\u00e3o o p\u00fablico alvo da Casa Mental do Adulto. Eles podem se dirigir diretamente \u00e0 casa ou ser encaminhados por alguma unidade de sa\u00fade. O acompanhamento m\u00e9dico \u00e9 feito at\u00e9 o t\u00e9rmino do tratamento, sendo que o paciente \u00e9 consultado regularmente. Oficinas de grupos, como bijuteria, pintura e autocuidado tamb\u00e9m s\u00e3o oferecidas pela casa como parte do tratamento terap\u00eautico.<\/p>\n<p><strong>5. Casa mental da Crian\u00e7a e do Adolescente:<\/strong> O Centro Psicossocial da Crian\u00e7a e do Adolescente (capsi) \u00e9 um servi\u00e7o especializado em sa\u00fade mental, destinado ao atendimento de crian\u00e7as e adolescentes que apresentam sofrimento ps\u00edquico, na faixa et\u00e1ria de 05 a 17 anos de idade, tendo com diretriz a Portaria336\/GM.<\/p>\n<p><strong>6. Casa da Mulher:\u00a0<\/strong>Recebe das unidades b\u00e1sicas de sa\u00fade mulheres que apresentam gravidez de risco e problemas uterinos, incluindo o c\u00e2ncer, sendo que nesse caso, a casa realiza exames que v\u00e3o detectar o c\u00e2ncer, cujo tratamento \u00e9 encaminhado para os hospitais especializados. Mulheres na menopausa, que apresentem algum tipo de varia\u00e7\u00e3o no colo do \u00fatero, e as mulheres que sofrem algum tipo de viol\u00eancia sexual tamb\u00e9m s\u00e3o atendidas pela casa da mulher. Todas as pacientes s\u00e3o encaminhadas por alguma unidade de sa\u00fade do munic\u00edpio de Bel\u00e9m.<\/p>\n<p><strong>7. Casa \u00c1lcool \/ Drogas:<\/strong> Exclusivamente para dependentes qu\u00edmicos que adquiriram transtornos mentais pelo uso de \u00e1lcool e drogas. A casa recebe tanto pacientes que se dirigem diretamente a casa, quanto os paciente encaminhados pelas unidades, delegacias, tribunais de justi\u00e7a, enfim em toda rede de sa\u00fade mental \u00e9 livre para encaminhar.<br \/>\nO tratamento multiprofissional (psic\u00f3logo, assistente social, terapia ocupacional, m\u00e9dico cl\u00ednico geral, psiquiatria, nutricionista, enfermagem) n\u00e3o \u00e9 apenas voltado para o paciente, mas tamb\u00e9m para fam\u00edlia dele.<\/p>\n<p><strong>8. Casa do Idoso:<\/strong> atende pessoas acima de 60 anos encaminhados por unidades b\u00e1sicas de sa\u00fade do munic\u00edpio. Cl\u00ednica m\u00e9dica, geriatria, dermatologia, cardiologia, fisioterapia, terapia ocupacional, odontologia, pr\u00f3tese dent\u00e1ria, fonoaudiologia, psicologia, reumatologia, enfermagem, homeopatia, atividades em grupo e oficinas para os idosos s\u00e3o os servi\u00e7os oferecidos pela casa.<\/p>\n<p><strong>9. Casa Recriar I:<\/strong> Um P\u00f3lo de aten\u00e7\u00e3o \u00e0 crian\u00e7a e ao adolescente portador de necessidades especiais. Atende 187 crian\u00e7as de zero a 12 anos. Hoje, o atendimento est\u00e1 voltado somente para moradores do Distrito do Damos, atrav\u00e9s de sua guia de encaminhamento que \u00e9 fornecida nas unidades de sa\u00fade, onde as crian\u00e7as s\u00e3o cadastradas atrav\u00e9s do Programa Sa\u00fade da Fam\u00edlia. A Casa conta com uma equipe multidisciplinar formada por m\u00e9dico pediatra, fisioterapeuta, fonoaudi\u00f3logo, terapeuta ocupacional, enfermeira, assistente social, auxiliar de enfermagem. Disp\u00f5e tamb\u00e9m de servi\u00e7os auxiliares e terapias voltadas para a reabilita\u00e7\u00e3o de crian\u00e7as e adolescentes portadores de s\u00edndromes gen\u00e9ticas, d\u00e9ficit geral do desenvolvimento, paralisia cerebral, autismo, dist\u00farbio de linguagem, auditivo, dist\u00farbio de comportamento, RN de risco.<\/p>\n<p><strong>10. Casa Mental:<\/strong> A Casa oferece atendimento \u00e0 popula\u00e7\u00e3o da \u00e1rea de abrang\u00eancia, realizando o acompanhamento cl\u00ednico e a reinser\u00e7\u00e3o social dos usu\u00e1rios pelo acesso ao trabalho, lazer, exerc\u00edcio dos direitos civis e fortalecimento dos la\u00e7os familiares e comunit\u00e1rios. A unidade conta com uma equipe de funcion\u00e1rios da \u00e1rea da sa\u00fade, sendo um m\u00e9dico cl\u00ednico, um psic\u00f3logo, uma enfermeira, um terapeuta ocupacional, tr\u00eas t\u00e9cnicos de enfermagem, duas farmac\u00eauticas. A Casa atende aproximadamente 200 usu\u00e1rios, entre consultas m\u00e9dicas, atendimentos individuais e em grupos.<br \/>\nO atendimento individual \u00e9 feito atrav\u00e9s da prescri\u00e7\u00e3o de medicamentos, psicoterapia, orienta\u00e7\u00e3o. O atendimento em grupo \u00e9 feito com oficinas terap\u00eauticas, oficinas expressivas, grupos terap\u00eauticos. Atendimento \u00e0 fam\u00edlia com visitas domiciliares, grupo fam\u00edlia. Atividades externas com passeios e integra\u00e7\u00e3o com outros servi\u00e7os.<\/p>\n<p><strong>11. Unidade Mista:<\/strong> Oferece atendimento de urg\u00eancia e emerg\u00eancia, de alta e m\u00e9dia complexidade, 24 horas por dia, sala de vacina\u00e7\u00e3o e tamb\u00e9m atende nas seguintes especialidades: Traumatologia, Cirurgia Geral, Ginecologia, Obstetr\u00edcia, Servi\u00e7o de Radiologia: ultra-som e Raio \u2013 X.<\/p>\n<h3>Secretaria da Sa\u00fade Bel\u00e9m Concurso<\/h3>\n<p>A Secretaria da Sa\u00fade contrata funcion\u00e1rios atrav\u00e9s de<em>\u00a0concurso p\u00fablico<\/em>, fique atento ao site e ao\u00a0<a href=\"http:\/\/www.encontrabelem.com.br\/sobre\/diario-oficial-belem\" target=\"_blank\" rel=\"noopener noreferrer\">di\u00e1rio oficial<\/a>\u00a0para n\u00e3o perder as datas de inscri\u00e7\u00f5es e das provas.<em><br \/>\n<\/em><\/p>\n<h3>Hor\u00e1rio de Funcionamento Secretaria da Sa\u00fade em Bel\u00e9m<\/h3>\n<ul>\n<li>Segunda a Sexta: das 08h \u00e0s 17h<\/li>\n<\/ul>\n<h3>Onde Fica,\u00a0Endere\u00e7o e Telefone Secretaria da Sa\u00fade em Bel\u00e9m<\/h3>\n<ul>\n<li><strong>S\u00e3o Br\u00e1s:<\/strong> Av. Governador Jos\u00e9 Malcher, 2821 &#8211; Telefone: (91) 3184-6133<\/li>\n<li><strong>Umarizal:<\/strong> Av. Alcindo Cacela, 1576 &#8211; Telefone: (91) 3249-5261<\/li>\n<\/ul>\n<h4>Outras informa\u00e7\u00f5es e site<\/h4>\n<ul>\n<li>Mais informa\u00e7\u00f5es:\u00a0<a href=\"http:\/\/www.belem.pa.gov.br\/app\/c2ms\/v\/?id=12\" target=\"_blank\" rel=\"noopener noreferrer\">www.belem.pa.gov.br<\/a><\/li>\n<li>CNPJ: 07.917.818\/0001-12<\/li>\n<\/ul>\n<h4>Mapa de localiza\u00e7\u00e3o\u00a0S\u00e3o Br\u00e1s<\/h4>\n<a class=\"wp-colorbox-iframe\" href=\"https:\/\/www.google.com\/maps\/embed?pb=!1m18!1m12!1m3!1d3988.5438652472076!2d-48.470732285245774!3d-1.4482211989438085!2m3!1f0!2f0!3f0!3m2!1i1024!2i768!4f13.1!3m3!1m2!1s0x92a48c3caa5fe4bb0xb4ea685b974ce4bc!2sAv.+Gov.+Jos+Malcher+2821+-+Nazar+Belm+-+PA+66090-100!5e0!3m2!1spt-BR!2sbr!4v1553190455731\"><img decoding=\"async\" src=\"http:\/\/www.encontrabelem.com.br\/imgs\/maps-post.png\"><\/a>\n\n<div style=\"font-size: 0px; height: 0px; line-height: 0px; margin: 0; padding: 0; clear: both;\"><\/div>","protected":false},"excerpt":{"rendered":"<p>A Sesma Bel\u00e9m &#8211;\u00a0Secretaria da Sa\u00fade Fortaleza\u00a0\u00e9 um \u00f3rg\u00e3o da administra\u00e7\u00e3o direta do Governo estadual. Gerencia no Estado o Sistema \u00danico de Sa\u00fade (SUS). A Sesma tem a miss\u00e3o de assegurar a formula\u00e7\u00e3o e gest\u00e3o das pol\u00edticas p\u00fablicas em sa\u00fade e presta\u00e7\u00e3o da assist\u00eancia \u00e0 sa\u00fade individual e coletiva, contribuindo assim para a melhoria da qualidade de vida dos cearenses. A Sesma tem essa miss\u00e3o baseada nos valores da universalidade, integralidade, equidade, solidariedade, respeito \u00e0s cren\u00e7as, \u00e9tica, honestidade e justi\u00e7a social. Valores que est\u00e3o nas a\u00e7\u00f5es administrativas do n\u00facleo central, nas 21 Coordenadorias\u00a0Regionais de Sa\u00fade e nos hospitais e unidades <\/p>\n","protected":false},"author":1,"featured_media":0,"parent":0,"menu_order":0,"comment_status":"closed","ping_status":"closed","template":"","meta":{"footnotes":""},"class_list":["post-701","page","type-page","status-publish","hentry"],"aioseo_notices":[],"_links":{"self":[{"href":"https:\/\/www.encontrabelem.com.br\/sobre\/wp-json\/wp\/v2\/pages\/701","targetHints":{"allow":["GET"]}}],"collection":[{"href":"https:\/\/www.encontrabelem.com.br\/sobre\/wp-json\/wp\/v2\/pages"}],"about":[{"href":"https:\/\/www.encontrabelem.com.br\/sobre\/wp-json\/wp\/v2\/types\/page"}],"author":[{"embeddable":true,"href":"https:\/\/www.encontrabelem.com.br\/sobre\/wp-json\/wp\/v2\/users\/1"}],"replies":[{"embeddable":true,"href":"https:\/\/www.encontrabelem.com.br\/sobre\/wp-json\/wp\/v2\/comments?post=701"}],"version-history":[{"count":0,"href":"https:\/\/www.encontrabelem.com.br\/sobre\/wp-json\/wp\/v2\/pages\/701\/revisions"}],"wp:attachment":[{"href":"https:\/\/www.encontrabelem.com.br\/sobre\/wp-json\/wp\/v2\/media?parent=701"}],"curies":[{"name":"wp","href":"https:\/\/api.w.org\/{rel}","templated":true}]}}