{"id":667,"date":"2019-03-11T12:46:54","date_gmt":"2019-03-11T15:46:54","guid":{"rendered":"http:\/\/www.encontrabelem.com.br\/sobre\/?page_id=667"},"modified":"2019-03-11T12:50:31","modified_gmt":"2019-03-11T15:50:31","slug":"sehab-belem","status":"publish","type":"page","link":"https:\/\/www.encontrabelem.com.br\/sobre\/sehab-belem","title":{"rendered":"Sehab Bel\u00e9m"},"content":{"rendered":"<div class=\"b22802487b0d38c4c6d9f34966e16421\" data-index=\"1\" style=\"float: none; margin:0px;\">\n<!-- Anuncio display - global -->\r\n<ins class=\"adsbygoogle\"\r\n     style=\"display:block\"\r\n     data-ad-client=\"ca-pub-8585364105181520\"\r\n     data-ad-slot=\"8789329856\"\r\n     data-ad-format=\"auto\"\r\n     data-full-width-responsive=\"true\"><\/ins>\r\n<script>\r\n     (adsbygoogle = window.adsbygoogle || []).push({});\r\n<\/script>\n<\/div>\n<p>A <strong>SEHAB Bel\u00e9m<\/strong> foi criada pela Lei N\u00ba 7865 de 05 de janeiro de 1998 e tem como principais fun\u00e7\u00f5es, a elabora\u00e7\u00e3o e implanta\u00e7\u00e3o dos projetos de obras f\u00edsicas (constru\u00e7\u00e3o de equipamentos urbanos, rede de drenagem, esgoto sanit\u00e1rio, abastecimento de \u00e1gua, equipamentos comunit\u00e1rios, pavimenta\u00e7\u00e3o de ruas e constru\u00e7\u00e3o de moradias);<\/p>\n<p>A elabora\u00e7\u00e3o e implanta\u00e7\u00e3o dos projetos de trabalho social atrav\u00e9s de tr\u00eas eixos: gera\u00e7\u00e3o de trabalho e renda, educa\u00e7\u00e3o s\u00f3cio-pol\u00edtica e educa\u00e7\u00e3o ambiental.<\/p>\n<p><img loading=\"lazy\" decoding=\"async\" class=\"alignnone wp-image-668 size-full\" title=\"Sehab Bel\u00e9m\" src=\"http:\/\/www.encontrabelem.com.br\/sobre\/wp-content\/uploads\/2019\/03\/sehab-belem.gif\" alt=\"Sehab Bel\u00e9m\" width=\"680\" height=\"189\" \/><\/p>\n<p>Al\u00e9m de aprovar diretrizes e normas para a gest\u00e3o, bem como, acompanhar e fiscalizar a aplica\u00e7\u00e3o dos recursos do FMHIS; fortalecer a participa\u00e7\u00e3o da sociedade, atrav\u00e9s de suas entidades organizadas, na discuss\u00e3o e elabora\u00e7\u00e3o da pol\u00edtica municipal de habita\u00e7\u00e3o.<\/p>\n<h2>Sehab Bel\u00e9m Servi\u00e7os<\/h2>\n<p>A Sehab \u00e9 respons\u00e1vel pelos seguintes <em>servi\u00e7os: <\/em><\/p>\n<ul>\n<li>planejamento,<\/li>\n<li>coordena\u00e7\u00e3o,<\/li>\n<li>execu\u00e7\u00e3o,<\/li>\n<li>controle e avalia\u00e7\u00e3o das atividades da pol\u00edtica habitacional de Bel\u00e9m.<\/li>\n<\/ul>\n<h3>Sehab\u00a0Bel\u00e9m\u00a0Viva Bem<\/h3>\n<p>O programa \u201c<em>Viver Bel\u00e9m<\/em>\u00a0\u2013 Minha Casa Minha Vida\u201d, tem como objetivo viabilizar no munic\u00edpio de Bel\u00e9m, a constru\u00e7\u00e3o de um amplo n\u00famero de habita\u00e7\u00f5es populares inseridas no Programa Minha Casa Minha Vida \u2013 PMCMV, do Governo Federal, beneficiando fam\u00edlias de baixa renda que buscam moradia digna.<em><br \/>\n<\/em><\/p>\n<p>As\u00a0<em>inscri\u00e7\u00f5es<\/em>\u00a0podem ser feitas pela\u00a0p\u00e1gina\u00a0<a href=\"http:\/\/viverbelem.belem.pa.gov.br\/inscricao.php\" target=\"_blank\" rel=\"noopener noreferrer\">www.viverbelem.belem.pa.gov.br<\/a>\u00a0ou de forma presencial na SEHAB ou nos postos distritais de Mosqueiro, Icoaraci e Outeiro sem custo nenhum.\u00a0Poder\u00e3o se inscrever no programa fam\u00edlias cuja renda familiar seja menor que R$ 1.600,00, que n\u00e3o possuam moradia e que n\u00e3o tenham recebido qualquer beneficio de natureza habitacional.<\/p>\n<h3>Hor\u00e1rio de Funcionamento\u00a0Sehab em Bel\u00e9m<\/h3>\n<ul>\n<li>Segunda a Sexta das 09h \u00e0s 17h<\/li>\n<\/ul>\n<h3>Endere\u00e7o e Telefone\u00a0Sehab em Bel\u00e9m<\/h3>\n<ul>\n<li>Av. Pedro Miranda, 2494 &#8211; Pedreira &#8211; Bel\u00e9m &#8211; PA<\/li>\n<li>Telefone: (91) 3184-2104<\/li>\n<\/ul>\n<h4>Outras informa\u00e7\u00f5es e site<\/h4>\n<ul>\n<li>Mais informa\u00e7\u00f5es:\u00a0<a href=\"http:\/\/www.belem.pa.gov.br\/\" target=\"_blank\" rel=\"noopener noreferrer\">www.belem.pa.gov.br<\/a><\/li>\n<\/ul>\n<h4>Mapa de localiza\u00e7\u00e3o<\/h4>\n<a class=\"wp-colorbox-iframe\" href=\"https:\/\/www.google.com\/maps\/embed?pb=!1m18!1m12!1m3!1d3988.593414864583!2d-48.46847948524597!3d-1.4197878989645316!2m3!1f0!2f0!3f0!3m2!1i1024!2i768!4f13.1!3m3!1m2!1s0x92a48bf0555555550xdc7172765cc2cb34!2sSehab+Secretaria+Municipal+de+Habitao!5e0!3m2!1spt-BR!2sbr!4v1552319412993\"><img decoding=\"async\" src=\"http:\/\/www.encontrabelem.com.br\/imgs\/maps-post.png\"><\/a>\n\n<div style=\"font-size: 0px; height: 0px; line-height: 0px; margin: 0; padding: 0; clear: both;\"><\/div>","protected":false},"excerpt":{"rendered":"<p>A SEHAB Bel\u00e9m foi criada pela Lei N\u00ba 7865 de 05 de janeiro de 1998 e tem como principais fun\u00e7\u00f5es, a elabora\u00e7\u00e3o e implanta\u00e7\u00e3o dos projetos de obras f\u00edsicas (constru\u00e7\u00e3o de equipamentos urbanos, rede de drenagem, esgoto sanit\u00e1rio, abastecimento de \u00e1gua, equipamentos comunit\u00e1rios, pavimenta\u00e7\u00e3o de ruas e constru\u00e7\u00e3o de moradias); A elabora\u00e7\u00e3o e implanta\u00e7\u00e3o dos projetos de trabalho social atrav\u00e9s de tr\u00eas eixos: gera\u00e7\u00e3o de trabalho e renda, educa\u00e7\u00e3o s\u00f3cio-pol\u00edtica e educa\u00e7\u00e3o ambiental. Al\u00e9m de aprovar diretrizes e normas para a gest\u00e3o, bem como, acompanhar e fiscalizar a aplica\u00e7\u00e3o dos recursos do FMHIS; fortalecer a participa\u00e7\u00e3o da sociedade, atrav\u00e9s de <\/p>\n","protected":false},"author":1,"featured_media":0,"parent":0,"menu_order":0,"comment_status":"closed","ping_status":"closed","template":"","meta":{"footnotes":""},"class_list":["post-667","page","type-page","status-publish","hentry"],"aioseo_notices":[],"_links":{"self":[{"href":"https:\/\/www.encontrabelem.com.br\/sobre\/wp-json\/wp\/v2\/pages\/667","targetHints":{"allow":["GET"]}}],"collection":[{"href":"https:\/\/www.encontrabelem.com.br\/sobre\/wp-json\/wp\/v2\/pages"}],"about":[{"href":"https:\/\/www.encontrabelem.com.br\/sobre\/wp-json\/wp\/v2\/types\/page"}],"author":[{"embeddable":true,"href":"https:\/\/www.encontrabelem.com.br\/sobre\/wp-json\/wp\/v2\/users\/1"}],"replies":[{"embeddable":true,"href":"https:\/\/www.encontrabelem.com.br\/sobre\/wp-json\/wp\/v2\/comments?post=667"}],"version-history":[{"count":0,"href":"https:\/\/www.encontrabelem.com.br\/sobre\/wp-json\/wp\/v2\/pages\/667\/revisions"}],"wp:attachment":[{"href":"https:\/\/www.encontrabelem.com.br\/sobre\/wp-json\/wp\/v2\/media?parent=667"}],"curies":[{"name":"wp","href":"https:\/\/api.w.org\/{rel}","templated":true}]}}