{"id":628,"date":"2019-03-04T15:15:22","date_gmt":"2019-03-04T18:15:22","guid":{"rendered":"http:\/\/www.encontrabelem.com.br\/sobre\/?page_id=628"},"modified":"2019-03-04T15:16:53","modified_gmt":"2019-03-04T18:16:53","slug":"ver-o-peso-belem","status":"publish","type":"page","link":"https:\/\/www.encontrabelem.com.br\/sobre\/ver-o-peso-belem","title":{"rendered":"Ver o Peso Bel\u00e9m"},"content":{"rendered":"<div class=\"b22802487b0d38c4c6d9f34966e16421\" data-index=\"1\" style=\"float: none; margin:0px;\">\n<!-- Anuncio display - global -->\r\n<ins class=\"adsbygoogle\"\r\n     style=\"display:block\"\r\n     data-ad-client=\"ca-pub-8585364105181520\"\r\n     data-ad-slot=\"8789329856\"\r\n     data-ad-format=\"auto\"\r\n     data-full-width-responsive=\"true\"><\/ins>\r\n<script>\r\n     (adsbygoogle = window.adsbygoogle || []).push({});\r\n<\/script>\n<\/div>\n<p>O Mercado <strong>Ver-o-Peso Bel\u00e9m<\/strong> ou Mercado Municipal Bolonha de Peixe ou Mercado de Ferro ou somente Ver-o-Peso, \u00e9 um mercado p\u00fablico inaugurada em 1625, pertencente ao Complexo do Ver-o-Peso, situado na cidade brasileira de Bel\u00e9m, no estado do Par\u00e1, localizado na Avenida Boulevard Castilhos Fran\u00e7a, no bairro da Campina, \u00e0s margens da ba\u00eda do Guajar\u00e1.<\/p>\n<p>\u00c9 um dos mercados p\u00fablicos mais antigos do Pa\u00eds, considerado como uma das maravilhas do estado. Foi eleito uma das 7 Maravilhas do Brasil por ser um dos mercados mais antigos do Brasil.<\/p>\n<p><img loading=\"lazy\" decoding=\"async\" class=\"alignnone wp-image-631 size-full\" title=\"Ver o Peso Bel\u00e9m\" src=\"http:\/\/www.encontrabelem.com.br\/sobre\/wp-content\/uploads\/2019\/03\/mercado-ver-o-peso-belem.gif\" alt=\"Ver o Peso Bel\u00e9m\" width=\"680\" height=\"189\" \/><\/p>\n<p>Ponto tur\u00edstico, cultural e econ\u00f4mico da cidade de Bel\u00e9m, formado pelo Mercado de Ferro, Pra\u00e7a do Pescador, Doca das Embarca\u00e7\u00f5es, Pedra do Peixe e, Feira Livre &#8211; considerado a maior feira ao ar livre da Am\u00e9rica Latina &#8211; que abastece a cidade com variados tipos de g\u00eaneros aliment\u00edcios e ervas medicinais, vindos das ilhas circunvizinhas \u00e0 capital e dos munic\u00edpios do interior, fornecidos por via fluvial.<\/p>\n<h2>Ver o Peso\u00a0Bel\u00e9m\u00a0Hist\u00f3ria<\/h2>\n<p>Com posi\u00e7\u00e3o estrat\u00e9gica na desembocadura do Amazonas, Bel\u00e9m era o maior entreposto comercial da regi\u00e3o de produtos extra\u00eddos da regi\u00e3o amaz\u00f4nica com destino aos mercados locais e internacionais, de carne com pre\u00e7o baixo dos rebanhos na Ilha do Maraj\u00f3, e ponto de chegada dos produtos europeus. Ent\u00e3o em 1625, na \u00e1rea do igarap\u00e9 do Piri (no atual Mercado Ver-o-Peso), os portugueses instalaram o posto de fiscal comercial Casa de Haver o Peso, para controle do peso e, arrecada\u00e7\u00e3o de tributos dos g\u00eaneros trazidos para a sede da Capitania do Gr\u00e3o-Par\u00e1 (Estado do Maranh\u00e3o), concedido por provis\u00e3o real \u00e0 C\u00e2mara de Bel\u00e9m.<\/p>\n<p>Em 1803, no governo de Dom Marcos de Noronha e Brito, Conde dos Arcos, o igarap\u00e9 do Piri foi aterrado para atender aos avan\u00e7os urban\u00edsticos da Bel\u00e9m. A foz foi transformada em doca, mantendo-se ali as atividades da Casa de Haver o Peso.<\/p>\n<p>Embora em 1839 a cidade estivesse abalada pela revolta popular denominada Cabanagem (1835 &#8211; 1840), a Casa de Haver o Peso funcionou at\u00e9 meados do ano de 1839, quando em outubro, o presidente Bernardo de Souza Franco extinguiu a reparti\u00e7\u00e3o fiscal e, a Casa foi arrendada destinada \u00e0 venda de peixe fresco, at\u00e9 o ano de 1847, quando terminou o contrato de arrendamento e a Casa de Haver o Peso foi demolida.<\/p>\n<p>Em 1855 durante o Ciclo da Borracha (1879 &#8211; 1912), aumentou a import\u00e2ncia comercial, principalmente para o cen\u00e1rio internacional. Assim ocorreram novas mudan\u00e7as urban\u00edsticas: a margem da ba\u00eda do Guajar\u00e1 foi aterrada, transformando os trapiches de madeira e a praia na Doca do Ver-o-Peso e na Pedra do Peixe feito com pedra de lioz pelos ingleses. Importantes edifica\u00e7\u00f5es foram erguidas seguindo o padr\u00e3o arquitet\u00f4nico europeu de estilo ecl\u00e9tico, influenciado pela art nouveau, entre as quais: o Mercado Municipal de Carnes (1867), Pal\u00e1cio Ant\u00f4nio Lemos (1873) e, o Theatro da Paz (1874).<\/p>\n<p>Em de 1897, a empresa La Rocque Pinto &amp; Cia venceu a concorr\u00eancia p\u00fablica para a constru\u00e7\u00e3o do Mercado Municipal de Peixe ou Mercado de Ferro, como inicialmente era conhecido o Mercado Ver-o-Peso, autorizado pela lei municipal n\u00ba 173.<\/p>\n<p>Em 1899, teve in\u00edcio sua edifica\u00e7\u00e3o, com o projeto de Henrique La Rocque, pr\u00f3ximo ao Mercado Municipal de Carnes ou Mercado Bolonha. Sendo inaugurado em 1901, na forma de um dodec\u00e1gono com medida de 1.197 m\u00b2, com estrutura met\u00e1lica em zinco veille-montaine, trazida pr\u00e9-fabricado da Inglaterra e de Nova Iorque, seguindo a tend\u00eancia est\u00e9tica francesa de art nouveau da Belle \u00c9poque. transportado via fluvial para Bel\u00e9m. Neste per\u00edodo tambpem ocorreu a amplia\u00e7\u00e3o do Mercado de Carne;<\/p>\n<p>O complexo passou por duas grandes reformas. A primeira em 1985, na administra\u00e7\u00e3o municipal de Almir Gabriel, com melhorias no: Mercado de Ferro, Solar da Beira (sendo transformado em restaurante e espa\u00e7o cultural), a Pra\u00e7a do Pescador e, a feira livre do mercado. Ocorreu tamb\u00e9m a constru\u00e7\u00e3o da Pra\u00e7a dos Velames e montagem de barracas padronizadas. Em 1998 e 2002, ocorreu a segunda reforma em etapas, sob administra\u00e7\u00e3o municipal de Edmilson Rodrigues, com interven\u00e7\u00e3o geral na feira, contemplando aspectos paisag\u00edstico do local e qualificat\u00f3rios dos feirantes.<\/p>\n<h3>Mercado Ver o Peso\u00a0Bel\u00e9m Mapa<\/h3>\n<p><em><img loading=\"lazy\" decoding=\"async\" class=\"alignnone wp-image-629 size-full\" title=\"Mercado Ver o Peso Bel\u00e9m Mapa\" src=\"http:\/\/www.encontrabelem.com.br\/sobre\/wp-content\/uploads\/2019\/03\/ver-o-peso.png\" alt=\"Mercado Ver o Peso Bel\u00e9m Mapa\" width=\"426\" height=\"569\" srcset=\"https:\/\/www.encontrabelem.com.br\/sobre\/wp-content\/uploads\/2019\/03\/ver-o-peso.png 426w, https:\/\/www.encontrabelem.com.br\/sobre\/wp-content\/uploads\/2019\/03\/ver-o-peso-225x300.png 225w\" sizes=\"auto, (max-width: 426px) 100vw, 426px\" \/><\/em><\/p>\n<h3>Mercado Ver o Peso Bel\u00e9m\u00a0Fotos<\/h3>\n<p><img loading=\"lazy\" decoding=\"async\" class=\"alignnone wp-image-630 size-full\" title=\"Mercado Ver o Peso Bel\u00e9m Fotos\" src=\"http:\/\/www.encontrabelem.com.br\/sobre\/wp-content\/uploads\/2019\/03\/mercado-veor-o-peso.gif\" alt=\"Mercado Ver o Peso Bel\u00e9m Fotos\" width=\"496\" height=\"450\" \/><\/p>\n<h3>Hor\u00e1rio de Funcionamento\u00a0Ver o Peso em Bel\u00e9m<\/h3>\n<ul>\n<li>24 horas<\/li>\n<\/ul>\n<h3>Endere\u00e7o Ver Peso em Bel\u00e9m<\/h3>\n<ul>\n<li>Av. Blvd. Castilhos Fran\u00e7a, S\/N &#8211; Com\u00e9rcio &#8211; Bel\u00e9m &#8211; PA<\/li>\n<\/ul>\n<h3>Mapa de localiza\u00e7\u00e3o<\/h3>\n<a class=\"wp-colorbox-iframe\" href=\"https:\/\/www.google.com\/maps\/embed?pb=!1m14!1m8!1m3!1d15954.146247283676!2d-48.5037509!3d-1.4523651!3m2!1i1024!2i768!4f13.1!3m3!1m2!1s0x00xdd2ca66005639d12!2sMercado+Ver-o-Peso!5e0!3m2!1spt-BR!2sbr!4v1551722986615\"><img decoding=\"async\" src=\"http:\/\/www.encontrabelem.com.br\/imgs\/maps-post.png\"><\/a>\n\n<div style=\"font-size: 0px; height: 0px; line-height: 0px; margin: 0; padding: 0; clear: both;\"><\/div>","protected":false},"excerpt":{"rendered":"<p>O Mercado Ver-o-Peso Bel\u00e9m ou Mercado Municipal Bolonha de Peixe ou Mercado de Ferro ou somente Ver-o-Peso, \u00e9 um mercado p\u00fablico inaugurada em 1625, pertencente ao Complexo do Ver-o-Peso, situado na cidade brasileira de Bel\u00e9m, no estado do Par\u00e1, localizado na Avenida Boulevard Castilhos Fran\u00e7a, no bairro da Campina, \u00e0s margens da ba\u00eda do Guajar\u00e1. \u00c9 um dos mercados p\u00fablicos mais antigos do Pa\u00eds, considerado como uma das maravilhas do estado. Foi eleito uma das 7 Maravilhas do Brasil por ser um dos mercados mais antigos do Brasil. Ponto tur\u00edstico, cultural e econ\u00f4mico da cidade de Bel\u00e9m, formado pelo Mercado <\/p>\n","protected":false},"author":1,"featured_media":631,"parent":0,"menu_order":0,"comment_status":"closed","ping_status":"closed","template":"","meta":{"footnotes":""},"class_list":["post-628","page","type-page","status-publish","has-post-thumbnail","hentry","has_thumb"],"aioseo_notices":[],"_links":{"self":[{"href":"https:\/\/www.encontrabelem.com.br\/sobre\/wp-json\/wp\/v2\/pages\/628","targetHints":{"allow":["GET"]}}],"collection":[{"href":"https:\/\/www.encontrabelem.com.br\/sobre\/wp-json\/wp\/v2\/pages"}],"about":[{"href":"https:\/\/www.encontrabelem.com.br\/sobre\/wp-json\/wp\/v2\/types\/page"}],"author":[{"embeddable":true,"href":"https:\/\/www.encontrabelem.com.br\/sobre\/wp-json\/wp\/v2\/users\/1"}],"replies":[{"embeddable":true,"href":"https:\/\/www.encontrabelem.com.br\/sobre\/wp-json\/wp\/v2\/comments?post=628"}],"version-history":[{"count":0,"href":"https:\/\/www.encontrabelem.com.br\/sobre\/wp-json\/wp\/v2\/pages\/628\/revisions"}],"wp:featuredmedia":[{"embeddable":true,"href":"https:\/\/www.encontrabelem.com.br\/sobre\/wp-json\/wp\/v2\/media\/631"}],"wp:attachment":[{"href":"https:\/\/www.encontrabelem.com.br\/sobre\/wp-json\/wp\/v2\/media?parent=628"}],"curies":[{"name":"wp","href":"https:\/\/api.w.org\/{rel}","templated":true}]}}