{"id":501,"date":"2019-02-08T05:48:55","date_gmt":"2019-02-08T07:48:55","guid":{"rendered":"http:\/\/www.encontrabelem.com.br\/sobre\/?page_id=501"},"modified":"2019-02-08T05:49:40","modified_gmt":"2019-02-08T07:49:40","slug":"ciee-belem","status":"publish","type":"page","link":"https:\/\/www.encontrabelem.com.br\/sobre\/ciee-belem","title":{"rendered":"CIEE Bel\u00e9m"},"content":{"rendered":"<div class=\"b22802487b0d38c4c6d9f34966e16421\" data-index=\"1\" style=\"float: none; margin:0px;\">\n<!-- Anuncio display - global -->\r\n<ins class=\"adsbygoogle\"\r\n     style=\"display:block\"\r\n     data-ad-client=\"ca-pub-8585364105181520\"\r\n     data-ad-slot=\"8789329856\"\r\n     data-ad-format=\"auto\"\r\n     data-full-width-responsive=\"true\"><\/ins>\r\n<script>\r\n     (adsbygoogle = window.adsbygoogle || []).push({});\r\n<\/script>\n<\/div>\n<p>O\u00a0Centro de Integra\u00e7\u00e3o Empresa-Escola (CIEE)\u00a0\u00e9 uma institui\u00e7\u00e3o filantr\u00f3pica, mantida pelo empresariado nacional, de assist\u00eancia social, sem finalidades lucrativas, que trabalha em prol da juventude estudantil brasileira.<\/p>\n<p>O maior objetivo do <strong>CIEE\u00a0Bel\u00e9m<\/strong> \u00e9 encontrar para os estudantes de n\u00edvel m\u00e9dio, t\u00e9cnico e superior oportunidades de est\u00e1gio ou aprendizado, que os auxiliem a colocar em pr\u00e1tica tudo o que aprenderam na teoria.<\/p>\n<p><img loading=\"lazy\" decoding=\"async\" class=\"alignnone wp-image-502 size-full\" title=\"CIEE Bel\u00e9m\" src=\"http:\/\/www.encontrabelem.com.br\/sobre\/wp-content\/uploads\/2019\/02\/ciee-belem.gif\" alt=\"CIEE Bel\u00e9m\" width=\"680\" height=\"189\" \/><\/p>\n<p>A Miss\u00e3o do CIEE\u00a0\u00e9 contribuir com os Sistemas de Ensino e com a Sociedade na prepara\u00e7\u00e3o, forma\u00e7\u00e3o e integra\u00e7\u00e3o dos Jovens ao Mundo do Trabalho.<\/p>\n<h2>CIEE Bel\u00e9m Vagas de Emprego<\/h2>\n<p>Para encontrar e se cadastrar para concorrer a uma vaga de emprego no\u00a0<strong>CIEE Bel\u00e9m<\/strong>\u00a0voc\u00ea deve acessar o\u00a0<a href=\"http:\/\/www.ciee.com.br\/portal\/estudantes\/servicos\/vagas.asp?\" target=\"_blank\" rel=\"noopener noreferrer\">portal de vagas no site do CIEE<\/a>\u00a0e se cadastrar. Ap\u00f3s a cria\u00e7\u00e3o do seu login e senha voc\u00ea ter\u00e1 acesso ao banco de vagas do CIEE e poder\u00e1 cadastrar seu curr\u00edculo e concorrer a vagas de emprego.<\/p>\n<h3>CIEE Bel\u00e9m Cursos<\/h3>\n<p>O Ciee oferece os seguintes tipos de cursos:<\/p>\n<ul>\n<li>Capacita\u00e7\u00e3o a Dist\u00e2ncia<\/li>\n<li>Ementa de Cursos<\/li>\n<li>Palestras in Company<\/li>\n<li>Valida\u00e7\u00e3o de Certificado<\/li>\n<\/ul>\n<h3>CIEE Bel\u00e9m Login<\/h3>\n<p>Para ter acesso a todos os dados dos seus cursos acesse o bot\u00e3o\u00a0<em>login<\/em>\u00a0e utilize seu CPF para criar um usu\u00e1rio e senha.<\/p>\n<h3>CIEE Bel\u00e9m Cadastro<\/h3>\n<p>O Portal\u00a0<em>CIEE<\/em>\u00a0pode ser acessado por todos os internautas, entretanto, alguns ambientes s\u00e3o restritos apenas para\u00a0<em>cadastrados.<\/em><\/p>\n<p>O cadastramento deve ser realizado conforme perfil do internauta: visitante, estagi\u00e1rio, estudantes com interesse em programas de est\u00e1gio, adolescente aprendiz, cursos, oficinas de capacita\u00e7\u00e3o, palestas, entre outros.<\/p>\n<p>No site do CIEE voc\u00ea iniciar\u00e1 a primeira etapa de seu cadastro, indicando no mapa o Estado em que reside e perfil adequado.<\/p>\n<p>Empresas e escolas que desejarem fazer parceiras com o CIEE, tamb\u00e9m devem iniciar o relacionamento atrav\u00e9s do site.<\/p>\n<h3>CIEE\u00a0Bel\u00e9m\u00a0Aprendiz Legal<\/h3>\n<p>Existe um grande contingente de jovens brasileiros que ainda n\u00e3o tem acesso a uma oportunidade de inser\u00e7\u00e3o no mundo do trabalho. Essa parcela da popula\u00e7\u00e3o \u00e9 \u00e1vida por conhecimento pr\u00e1tico e profissionalizante, e ganhou respaldo oficial em meados dos anos 2000.<br \/>\nA Lei da Aprendizagem (n\u00b0 10.097\/2000) determina que uma cota entre 5% e 15% das vagas das companhias consideradas de m\u00e9dio e grande porte seja destinada aos jovens entre 14 a 24 anos incompletos, sendo estudante dos ensinos Fundamental, M\u00e9dio, T\u00e9cnico ou formado.<br \/>\nCom a inten\u00e7\u00e3o de selecionar e encontrar esses jovens que desejam uma coloca\u00e7\u00e3o, o Centro de Integra\u00e7\u00e3o Empresa-Escola \u2013 CIEE se uniu \u00e0 Funda\u00e7\u00e3o Roberto Marinho para ampliar o alcance do Programa <strong>Aprendiz Legal.<\/strong><\/p>\n<h3>Hor\u00e1rio de Funcionamento CIEE em Bel\u00e9m<\/h3>\n<ul>\n<li>De Segunda a Sexta das 08 \u00e0s 17:30hrs<\/li>\n<\/ul>\n<h3>Endere\u00e7o e Telefone CIEE em\u00a0Bel\u00e9m<\/h3>\n<ul>\n<li>R. dos Mundurucus, 2710 &#8211; Crema\u00e7\u00e3o\u00a0-Bel\u00e9m &#8211; PA<\/li>\n<li>Telefone:\u00a0(91) 3003-2433<\/li>\n<\/ul>\n<h4>Outras informa\u00e7\u00f5es \u2013\u00a0 Site e e-mail:<\/h4>\n<ul>\n<li>Mais informa\u00e7\u00f5es:\u00a0<a href=\"http:\/\/www.ciee.org.br\/\" target=\"_blank\" rel=\"noopener noreferrer\">www.ciee.org.br<\/a><\/li>\n<li>Mais informa\u00e7\u00f5es:\u00a0<a href=\"https:\/\/portal.ciee.org.br\/pa\" target=\"_blank\" rel=\"noopener noreferrer\">www.portal.ciee.org.br\/pa<\/a><\/li>\n<\/ul>\n<h4>Mapa de localiza\u00e7\u00e3o<\/h4>\n<a class=\"wp-colorbox-iframe\" href=\"https:\/\/www.google.com\/maps\/embed?pb=!1m14!1m8!1m3!1d15954.102893815238!2d-48.4815956!3d-1.458493!3m2!1i1024!2i768!4f13.1!3m3!1m2!1s0x00x97d96a78bab80d13!2sCIEE+Belm!5e0!3m2!1spt-BR!2sbr!4v1549611927062\"><img decoding=\"async\" src=\"http:\/\/www.encontrabelem.com.br\/imgs\/maps-post.png\"><\/a>\n\n<div style=\"font-size: 0px; height: 0px; line-height: 0px; margin: 0; padding: 0; clear: both;\"><\/div>","protected":false},"excerpt":{"rendered":"<p>O\u00a0Centro de Integra\u00e7\u00e3o Empresa-Escola (CIEE)\u00a0\u00e9 uma institui\u00e7\u00e3o filantr\u00f3pica, mantida pelo empresariado nacional, de assist\u00eancia social, sem finalidades lucrativas, que trabalha em prol da juventude estudantil brasileira. O maior objetivo do CIEE\u00a0Bel\u00e9m \u00e9 encontrar para os estudantes de n\u00edvel m\u00e9dio, t\u00e9cnico e superior oportunidades de est\u00e1gio ou aprendizado, que os auxiliem a colocar em pr\u00e1tica tudo o que aprenderam na teoria. A Miss\u00e3o do CIEE\u00a0\u00e9 contribuir com os Sistemas de Ensino e com a Sociedade na prepara\u00e7\u00e3o, forma\u00e7\u00e3o e integra\u00e7\u00e3o dos Jovens ao Mundo do Trabalho. CIEE Bel\u00e9m Vagas de Emprego Para encontrar e se cadastrar para concorrer a uma vaga <\/p>\n","protected":false},"author":1,"featured_media":0,"parent":0,"menu_order":0,"comment_status":"closed","ping_status":"closed","template":"","meta":{"footnotes":""},"class_list":["post-501","page","type-page","status-publish","hentry"],"aioseo_notices":[],"_links":{"self":[{"href":"https:\/\/www.encontrabelem.com.br\/sobre\/wp-json\/wp\/v2\/pages\/501","targetHints":{"allow":["GET"]}}],"collection":[{"href":"https:\/\/www.encontrabelem.com.br\/sobre\/wp-json\/wp\/v2\/pages"}],"about":[{"href":"https:\/\/www.encontrabelem.com.br\/sobre\/wp-json\/wp\/v2\/types\/page"}],"author":[{"embeddable":true,"href":"https:\/\/www.encontrabelem.com.br\/sobre\/wp-json\/wp\/v2\/users\/1"}],"replies":[{"embeddable":true,"href":"https:\/\/www.encontrabelem.com.br\/sobre\/wp-json\/wp\/v2\/comments?post=501"}],"version-history":[{"count":0,"href":"https:\/\/www.encontrabelem.com.br\/sobre\/wp-json\/wp\/v2\/pages\/501\/revisions"}],"wp:attachment":[{"href":"https:\/\/www.encontrabelem.com.br\/sobre\/wp-json\/wp\/v2\/media?parent=501"}],"curies":[{"name":"wp","href":"https:\/\/api.w.org\/{rel}","templated":true}]}}