{"id":484,"date":"2019-02-04T06:09:04","date_gmt":"2019-02-04T08:09:04","guid":{"rendered":"http:\/\/www.encontrabelem.com.br\/sobre\/?page_id=484"},"modified":"2019-02-04T06:09:57","modified_gmt":"2019-02-04T08:09:57","slug":"hospital-adventista-belem","status":"publish","type":"page","link":"https:\/\/www.encontrabelem.com.br\/sobre\/hospital-adventista-belem","title":{"rendered":"Hospital Adventista Bel\u00e9m"},"content":{"rendered":"<div class=\"b22802487b0d38c4c6d9f34966e16421\" data-index=\"1\" style=\"float: none; margin:0px;\">\n<!-- Anuncio display - global -->\r\n<ins class=\"adsbygoogle\"\r\n     style=\"display:block\"\r\n     data-ad-client=\"ca-pub-8585364105181520\"\r\n     data-ad-slot=\"8789329856\"\r\n     data-ad-format=\"auto\"\r\n     data-full-width-responsive=\"true\"><\/ins>\r\n<script>\r\n     (adsbygoogle = window.adsbygoogle || []).push({});\r\n<\/script>\n<\/div>\n<p>A responsabilidade social sempre foi a marca dos servi\u00e7os do <strong>Hospital Adventista de Bel\u00e9m<\/strong>.\u00a0O hospitalleva benef\u00edcios at\u00e9 os bairros carentes de Bel\u00e9m por meio de v\u00e1rios projetos como o Programa Crian\u00e7a Cidad\u00e3, que h\u00e1 17 anos atende crian\u00e7as de 0 a 12 anos de idade nos bairros da Terra Firme e Canudos.<\/p>\n<p>O programa possui sede pr\u00f3pria, o Ambulat\u00f3rio Olga Streithorst, que atende cerca de 20 mil crian\u00e7as por ano com tratamento cl\u00ednico pedi\u00e1trico de acompanhamento trimestral, atendimento odontol\u00f3gico e orienta\u00e7\u00e3o sobre os cuidados b\u00e1sicos da sa\u00fade bucal, al\u00e9m de exames laboratoriais de rotina e espec\u00edficos.<\/p>\n<p><img loading=\"lazy\" decoding=\"async\" class=\"alignnone wp-image-485 size-full\" title=\"Hospital Adventista Bel\u00e9m\" src=\"http:\/\/www.encontrabelem.com.br\/sobre\/wp-content\/uploads\/2019\/02\/hospital-adventista-belem.gif\" alt=\"Hospital Adventista Bel\u00e9m\" width=\"680\" height=\"189\" \/><\/p>\n<p>Tamb\u00e9m oferece medicamentos e realiza palestras educativas que abordam temas para os pais e para as fam\u00edlias.<\/p>\n<p>O Programa Crian\u00e7a Cidad\u00e3 ainda possui dois projetos de extens\u00e3o:<\/p>\n<ul>\n<li>Projeto \u00c1gua e Sab\u00e3o Doen\u00e7a n\u00e3o \u2013 que atende fam\u00edlias em situa\u00e7\u00e3o de vulnerabilidade social nos centros comunit\u00e1rios e igrejas nas periferias de Bel\u00e9m. Atende 4000 pessoas por m\u00eas com informa\u00e7\u00f5es s\u00f3cio-educativas, exames, promo\u00e7\u00e3o da sa\u00fade bucal, distribui\u00e7\u00e3o de medicamentos, palestras sobre a sa\u00fade da fam\u00edlia.<\/li>\n<li>Projeto Sa\u00fade come\u00e7a pela boca \u2013 atua nas escolas p\u00fablicas com a finalidade de promover e prevenir a sa\u00fade bucal em v\u00e1rios processos: revela\u00e7\u00e3o de placa bacteriana, escova\u00e7\u00e3o supervisionada, aplica\u00e7\u00e3o de fl\u00faor e tratamento odontol\u00f3gico em um consult\u00f3rio m\u00f3vel. Tamb\u00e9m oferece palestras educativas. Atende cerca de 2.000 crian\u00e7as por semana.<\/li>\n<\/ul>\n<h2>Hospital Adventista\u00a0Bel\u00e9m\u00a0Especialidades<\/h2>\n<p>No Hospital Adventista voc\u00ea encontra as seguintes <em>especialidades:<\/em><\/p>\n<ul>\n<li>Pronto Atendimento<\/li>\n<li>Consult\u00f3rios<\/li>\n<li>Hotelaria Hospitalar<\/li>\n<li>Disgn\u00f3stico por Imagem<\/li>\n<li>Conv\u00eanios<\/li>\n<li>Centro de Reabilita\u00e7\u00e3o<\/li>\n<li>Centro Cir\u00fargico<\/li>\n<li>An\u00e1lises Cl\u00ednicas<\/li>\n<li>Terapia Intensiva<\/li>\n<li>Capelania<\/li>\n<\/ul>\n<h3>Hospital Adventista\u00a0Bel\u00e9m\u00a0Marca\u00e7\u00e3o de Consulta<\/h3>\n<p>Para<em> agendar uma consulta <\/em>basta fazer contato telef\u00f4nico com o n\u00famero abaixo e escolher a melhor data dispon\u00edvel.<em><br \/>\n<\/em><\/p>\n<h3>Hospital Adventista\u00a0Bel\u00e9m\u00a0Resultados de Exames<\/h3>\n<p>Os<em> resultados de exames<\/em> podem ser retirados pelo site do hospital utilizando o login e senha que est\u00e3o anotados no seu protocolo de exames.<\/p>\n<h3>Vagas\u00a0Hospital Adventista Bel\u00e9m &#8211; Trabalhe Conosco<\/h3>\n<p>O Hospital Adventista Bel\u00e9m disponibiliza <em>vagas de trabalho<\/em> durante todo ano. Para se informar sobre os processos seletivos e se candidatar as vagas acompanhe o site da empresa, onde \u00e9 poss\u00edvel se informar sobre vagas abertas, sal\u00e1rios e compet\u00eancias necess\u00e1rias para se candidatar ao processo.<\/p>\n<h3>Hor\u00e1rio de Funcionamento\u00a0Hospital Adventista em Bel\u00e9m<\/h3>\n<ul>\n<li>24 horas<\/li>\n<\/ul>\n<h3>Endere\u00e7o e Telefone\u00a0Hospital Adventista em Bel\u00e9m<\/h3>\n<ul>\n<li>Av. Alm. Barroso, 1758 &#8211; Marco &#8211; Bel\u00e9m &#8211; PA<\/li>\n<li>Telefone: (91) 3084-8686<\/li>\n<\/ul>\n<h4>Outras informa\u00e7\u00f5es e site<\/h4>\n<ul>\n<li>Mais informa\u00e7\u00f5es:\u00a0<a href=\"http:\/\/www.hab.org.br\/\" target=\"_blank\" rel=\"noopener noreferrer\">www.hab.org.br<\/a><\/li>\n<li>E-mail:\u00a0ouvidoria@hab.org.br<\/li>\n<\/ul>\n<h4>Mapa de localiza\u00e7\u00e3o<\/h4>\n<a class=\"wp-colorbox-iframe\" href=\"https:\/\/www.google.com\/maps\/embed?pb=!1m14!1m8!1m3!1d15954.265223137254!2d-48.4570948!3d-1.4354138!3m2!1i1024!2i768!4f13.1!3m3!1m2!1s0x00x4503d4deea772127!2sHospital+Adventista+de+Belem!5e0!3m2!1spt-BR!2sbr!4v1549267474929\"><img decoding=\"async\" src=\"http:\/\/www.encontrabelem.com.br\/imgs\/maps-post.png\"><\/a>\n\n<div style=\"font-size: 0px; height: 0px; line-height: 0px; margin: 0; padding: 0; clear: both;\"><\/div>","protected":false},"excerpt":{"rendered":"<p>A responsabilidade social sempre foi a marca dos servi\u00e7os do Hospital Adventista de Bel\u00e9m.\u00a0O hospitalleva benef\u00edcios at\u00e9 os bairros carentes de Bel\u00e9m por meio de v\u00e1rios projetos como o Programa Crian\u00e7a Cidad\u00e3, que h\u00e1 17 anos atende crian\u00e7as de 0 a 12 anos de idade nos bairros da Terra Firme e Canudos. O programa possui sede pr\u00f3pria, o Ambulat\u00f3rio Olga Streithorst, que atende cerca de 20 mil crian\u00e7as por ano com tratamento cl\u00ednico pedi\u00e1trico de acompanhamento trimestral, atendimento odontol\u00f3gico e orienta\u00e7\u00e3o sobre os cuidados b\u00e1sicos da sa\u00fade bucal, al\u00e9m de exames laboratoriais de rotina e espec\u00edficos. Tamb\u00e9m oferece medicamentos e <\/p>\n","protected":false},"author":1,"featured_media":0,"parent":0,"menu_order":0,"comment_status":"closed","ping_status":"closed","template":"","meta":{"footnotes":""},"class_list":["post-484","page","type-page","status-publish","hentry"],"aioseo_notices":[],"_links":{"self":[{"href":"https:\/\/www.encontrabelem.com.br\/sobre\/wp-json\/wp\/v2\/pages\/484","targetHints":{"allow":["GET"]}}],"collection":[{"href":"https:\/\/www.encontrabelem.com.br\/sobre\/wp-json\/wp\/v2\/pages"}],"about":[{"href":"https:\/\/www.encontrabelem.com.br\/sobre\/wp-json\/wp\/v2\/types\/page"}],"author":[{"embeddable":true,"href":"https:\/\/www.encontrabelem.com.br\/sobre\/wp-json\/wp\/v2\/users\/1"}],"replies":[{"embeddable":true,"href":"https:\/\/www.encontrabelem.com.br\/sobre\/wp-json\/wp\/v2\/comments?post=484"}],"version-history":[{"count":0,"href":"https:\/\/www.encontrabelem.com.br\/sobre\/wp-json\/wp\/v2\/pages\/484\/revisions"}],"wp:attachment":[{"href":"https:\/\/www.encontrabelem.com.br\/sobre\/wp-json\/wp\/v2\/media?parent=484"}],"curies":[{"name":"wp","href":"https:\/\/api.w.org\/{rel}","templated":true}]}}