{"id":476,"date":"2019-02-04T05:12:20","date_gmt":"2019-02-04T07:12:20","guid":{"rendered":"http:\/\/www.encontrabelem.com.br\/sobre\/?page_id=476"},"modified":"2021-10-21T11:45:32","modified_gmt":"2021-10-21T14:45:32","slug":"correios-belem","status":"publish","type":"page","link":"https:\/\/www.encontrabelem.com.br\/sobre\/correios-belem","title":{"rendered":"Correios Bel\u00e9m"},"content":{"rendered":"<div class=\"b22802487b0d38c4c6d9f34966e16421\" data-index=\"1\" style=\"float: none; margin:0px;\">\n<!-- Anuncio display - global -->\r\n<ins class=\"adsbygoogle\"\r\n     style=\"display:block\"\r\n     data-ad-client=\"ca-pub-8585364105181520\"\r\n     data-ad-slot=\"8789329856\"\r\n     data-ad-format=\"auto\"\r\n     data-full-width-responsive=\"true\"><\/ins>\r\n<script>\r\n     (adsbygoogle = window.adsbygoogle || []).push({});\r\n<\/script>\n<\/div>\n<p>Sua correspond\u00eancia entregue com efici\u00eancia atrav\u00e9s das ag\u00eancias dos Correios localizadas na cidade de Bel\u00e9m. O Hor\u00e1rio de funcionamento das ag\u00eancias dos correios variam da tradicional, entre 10h e 18 h. entre em contato para verificar os hor\u00e1rios da ag\u00eancia mais pr\u00f3xima da sua resid\u00eancia.<\/p>\n<p>J\u00e1 suas entregas ser\u00e3o feitas de acordo com a data de postagem e servi\u00e7o contratado no ato do envio. Confira abaixo a rela\u00e7\u00e3o de\u00a0<strong>Ag\u00eancias dos Correios em Bel\u00e9m<\/strong><\/p>\n<p><img loading=\"lazy\" decoding=\"async\" class=\"alignnone wp-image-477 size-full\" title=\"Correios Bel\u00e9m\" src=\"http:\/\/www.encontrabelem.com.br\/sobre\/wp-content\/uploads\/2019\/02\/correios-belem.gif\" alt=\"Correios Bel\u00e9m\" width=\"680\" height=\"189\" \/><\/p>\n<h3>Lista de Correios em Bel\u00e9m<\/h3>\n<div class=\"lista-gratuito\">\n<p><strong>Campina 1:<\/strong> Tv. Frutuoso Guimar\u00e3es, 411 &#8211; Telefone:<br \/>\n<strong>Tel\u00e9grafo Sem Fio:<\/strong> Av. Senador Lemos, 1749 &#8211; Telefone: (91) 3003-0100<br \/>\n<strong>Reduto:<\/strong> Av. Visconde de Souza Franco, 776 &#8211; Telefone: (91) 3225-0049<br \/>\n<strong>Guam\u00e1:<\/strong> Av. Jos\u00e9 Bonif\u00e1cio, 2308 &#8211; Telefone: (91) 3249-6335<br \/>\n<strong>Val de Caes:<\/strong> Av. Par\u00e1, s\/n &#8211; Telefone: (91) 3210-6264<br \/>\n<strong>S\u00e3o Br\u00e1s:<\/strong> Pra\u00e7a Floriano Peixoto, 133 &#8211; Telefone: (91) 3266-5522<br \/>\n<strong>Campina 2:<\/strong> Av. Presidente Vargas, 498 &#8211; Telefone: (91) 3211-3147<br \/>\n<strong>Parque Verde:<\/strong> Rodovia Augusto Montenegro, 3960 &#8211; Telefone: (91) 3244-0022<br \/>\n<strong>Marco:<\/strong> Av. Duque de Caxias, 1139 &#8211; Telefone: (91) 3246-9984<br \/>\n<strong>Castanheira:<\/strong> Av. Almirante Barroso, 5045 &#8211; Telefone: (91) 3243-0272<br \/>\n<strong>Jurunas:<\/strong> Av. Roberto Camelier, 950 &#8211; Telefone: (91) 3272-4856<br \/>\n<strong>Pedreira:<\/strong> Av. Pedro Miranda, 1741 &#8211; Telefone: (91) 3244-5025<br \/>\n<strong>S\u00e3o Jo\u00e3o do Outeiro:<\/strong> Av. Nossa Senhora da Concei\u00e7\u00e3o, 51 &#8211; Telefone: (91) 3267-9377<br \/>\n<strong>Cidade Velha:<\/strong> Av. 16 de Novembro, 443 &#8211; Telefone: (91) 3276-2600<br \/>\n<strong>Marambaia:<\/strong> Av. Pedro \u00c1lvares Cabral, 1240 &#8211; Telefone: (91) 3238-0054<br \/>\n<strong>Icoaraci:<\/strong> Rua Manoel Barata, 659 &#8211; Telefone: (91) 3227-2331<br \/>\n<strong>Vila:<\/strong> Rua Juv\u00eancio Silva, 27 &#8211; Telefone: (91) 3771-1796<\/p>\n<\/div>\n\n<div style=\"font-size: 0px; height: 0px; line-height: 0px; margin: 0; padding: 0; clear: both;\"><\/div>","protected":false},"excerpt":{"rendered":"<p>Sua correspond\u00eancia entregue com efici\u00eancia atrav\u00e9s das ag\u00eancias dos Correios localizadas na cidade de Bel\u00e9m. O Hor\u00e1rio de funcionamento das ag\u00eancias dos correios variam da tradicional, entre 10h e 18 h. entre em contato para verificar os hor\u00e1rios da ag\u00eancia mais pr\u00f3xima da sua resid\u00eancia. J\u00e1 suas entregas ser\u00e3o feitas de acordo com a data de postagem e servi\u00e7o contratado no ato do envio. Confira abaixo a rela\u00e7\u00e3o de\u00a0Ag\u00eancias dos Correios em Bel\u00e9m Lista de Correios em Bel\u00e9m Campina 1: Tv. Frutuoso Guimar\u00e3es, 411 &#8211; Telefone: Tel\u00e9grafo Sem Fio: Av. Senador Lemos, 1749 &#8211; Telefone: (91) 3003-0100 Reduto: Av. Visconde <\/p>\n","protected":false},"author":1,"featured_media":0,"parent":0,"menu_order":0,"comment_status":"closed","ping_status":"closed","template":"","meta":{"footnotes":""},"class_list":["post-476","page","type-page","status-publish","hentry"],"aioseo_notices":[],"_links":{"self":[{"href":"https:\/\/www.encontrabelem.com.br\/sobre\/wp-json\/wp\/v2\/pages\/476","targetHints":{"allow":["GET"]}}],"collection":[{"href":"https:\/\/www.encontrabelem.com.br\/sobre\/wp-json\/wp\/v2\/pages"}],"about":[{"href":"https:\/\/www.encontrabelem.com.br\/sobre\/wp-json\/wp\/v2\/types\/page"}],"author":[{"embeddable":true,"href":"https:\/\/www.encontrabelem.com.br\/sobre\/wp-json\/wp\/v2\/users\/1"}],"replies":[{"embeddable":true,"href":"https:\/\/www.encontrabelem.com.br\/sobre\/wp-json\/wp\/v2\/comments?post=476"}],"version-history":[{"count":0,"href":"https:\/\/www.encontrabelem.com.br\/sobre\/wp-json\/wp\/v2\/pages\/476\/revisions"}],"wp:attachment":[{"href":"https:\/\/www.encontrabelem.com.br\/sobre\/wp-json\/wp\/v2\/media?parent=476"}],"curies":[{"name":"wp","href":"https:\/\/api.w.org\/{rel}","templated":true}]}}